{"id":6418,"date":"2021-10-09T11:10:58","date_gmt":"2021-10-09T11:10:58","guid":{"rendered":"http:\/\/bienestar-or.org\/?page_id=6418"},"modified":"2024-01-04T20:44:30","modified_gmt":"2024-01-04T20:44:30","slug":"sunset-gardens","status":"publish","type":"page","link":"https:\/\/bienestar-or.org\/es\/vivienda\/sunset-gardens\/","title":{"rendered":"Sunset Gardens"},"content":{"rendered":"\t\t<div data-elementor-type=\"wp-page\" data-elementor-id=\"6418\" class=\"elementor elementor-6418 elementor-503\">\n\t\t\t\t\t\t<section class=\"elementor-section elementor-top-section elementor-element elementor-element-f4dbf54 elementor-section-full_width elementor-section-height-min-height elementor-section-height-default elementor-section-items-middle parallax_section_no qode_elementor_container_no\" data-id=\"f4dbf54\" data-element_type=\"section\" data-e-type=\"section\" data-settings=\"{&quot;background_background&quot;:&quot;classic&quot;}\">\n\t\t\t\t\t\t\t<div class=\"elementor-background-overlay\"><\/div>\n\t\t\t\t\t\t\t<div class=\"elementor-container elementor-column-gap-default\">\n\t\t\t\t\t<div class=\"elementor-column elementor-col-100 elementor-top-column elementor-element elementor-element-42a1c12\" data-id=\"42a1c12\" data-element_type=\"column\" data-e-type=\"column\">\n\t\t\t<div class=\"elementor-widget-wrap elementor-element-populated\">\n\t\t\t\t\t\t<div class=\"elementor-element elementor-element-5eb4c3d elementor-widget elementor-widget-text-editor\" data-id=\"5eb4c3d\" data-element_type=\"widget\" data-e-type=\"widget\" data-widget_type=\"text-editor.default\">\n\t\t\t\t<div class=\"elementor-widget-container\">\n\t\t\t\t\t\t\t\t\tSunset Gardens\t\t\t\t\t\t\t\t<\/div>\n\t\t\t\t<\/div>\n\t\t\t\t\t<\/div>\n\t\t<\/div>\n\t\t\t\t\t<\/div>\n\t\t<\/section>\n\t\t\t\t<section class=\"elementor-section elementor-top-section elementor-element elementor-element-710cd8f qode_elementor_container_inner elementor-section-boxed elementor-section-height-default elementor-section-height-default parallax_section_no\" data-id=\"710cd8f\" data-element_type=\"section\" data-e-type=\"section\">\n\t\t\t\t\t\t<div class=\"elementor-container elementor-column-gap-default\">\n\t\t\t\t\t<div class=\"elementor-column elementor-col-50 elementor-top-column elementor-element elementor-element-3af7c15\" data-id=\"3af7c15\" data-element_type=\"column\" data-e-type=\"column\">\n\t\t\t<div class=\"elementor-widget-wrap elementor-element-populated\">\n\t\t\t\t\t\t<div class=\"elementor-element elementor-element-565aea3 elementor-widget elementor-widget-image\" data-id=\"565aea3\" data-element_type=\"widget\" data-e-type=\"widget\" data-widget_type=\"image.default\">\n\t\t\t\t<div class=\"elementor-widget-container\">\n\t\t\t\t\t\t\t\t\t\t\t\t\t\t\t<img loading=\"lazy\" decoding=\"async\" loading=\"lazy\" width=\"700\" height=\"467\" src=\"https:\/\/bienestar-or.org\/wp-content\/uploads\/2021\/09\/Sunset-Gardens.jpg\" class=\"attachment-medium_large size-medium_large wp-image-6420\" alt=\"\" srcset=\"https:\/\/bienestar-or.org\/wp-content\/uploads\/2021\/09\/Sunset-Gardens.jpg 700w, https:\/\/bienestar-or.org\/wp-content\/uploads\/2021\/09\/Sunset-Gardens-300x200.jpg 300w\" sizes=\"auto, (max-width: 700px) 100vw, 700px\" \/>\t\t\t\t\t\t\t\t\t\t\t\t\t\t\t<\/div>\n\t\t\t\t<\/div>\n\t\t\t\t\t<\/div>\n\t\t<\/div>\n\t\t\t\t<div class=\"elementor-column elementor-col-50 elementor-top-column elementor-element elementor-element-16805ef\" data-id=\"16805ef\" data-element_type=\"column\" data-e-type=\"column\">\n\t\t\t<div class=\"elementor-widget-wrap elementor-element-populated\">\n\t\t\t\t\t\t<div class=\"elementor-element elementor-element-80b4969 elementor-widget elementor-widget-text-editor\" data-id=\"80b4969\" data-element_type=\"widget\" data-e-type=\"widget\" data-widget_type=\"text-editor.default\">\n\t\t\t\t<div class=\"elementor-widget-container\">\n\t\t\t\t\t\t\t\t\t<p>Con 101 unidades de vivienda econ\u00f3mica, <strong>Sunset Gardens<\/strong> fue adquirido por Bienestar en mayo de 2007. Parte de un paquete que inclu\u00eda Sierra West y Willow Park, este fue el primer proyecto de Cr\u00e9dito Fiscal de Bajo Ingreso (LIHTC) de la organizaci\u00f3n que no era exclusivo para trabajadores agr\u00edcolas. Un extenso trabajo de rehabilitaci\u00f3n fue completado en junio de 2008.<\/p>\t\t\t\t\t\t\t\t<\/div>\n\t\t\t\t<\/div>\n\t\t\t\t\t<\/div>\n\t\t<\/div>\n\t\t\t\t\t<\/div>\n\t\t<\/section>\n\t\t\t\t<section class=\"elementor-section elementor-top-section elementor-element elementor-element-c5c12de elementor-section-boxed elementor-section-height-default elementor-section-height-default parallax_section_no qode_elementor_container_no\" data-id=\"c5c12de\" data-element_type=\"section\" data-e-type=\"section\">\n\t\t\t\t\t\t<div class=\"elementor-container elementor-column-gap-default\">\n\t\t\t\t\t<div class=\"elementor-column elementor-col-33 elementor-top-column elementor-element elementor-element-4ca3846\" data-id=\"4ca3846\" data-element_type=\"column\" data-e-type=\"column\">\n\t\t\t<div class=\"elementor-widget-wrap elementor-element-populated\">\n\t\t\t\t\t\t<div class=\"elementor-element elementor-element-f382fcf elementor-widget elementor-widget-image\" data-id=\"f382fcf\" data-element_type=\"widget\" data-e-type=\"widget\" data-widget_type=\"image.default\">\n\t\t\t\t<div class=\"elementor-widget-container\">\n\t\t\t\t\t\t\t\t\t\t\t\t\t\t\t\t<a href=\"https:\/\/bienestar-or.org\/wp-content\/uploads\/2021\/09\/Sunset-Gardens-15.jpg\" data-elementor-open-lightbox=\"yes\" data-elementor-lightbox-title=\"Sunset Gardens-15\" data-e-action-hash=\"#elementor-action%3Aaction%3Dlightbox%26settings%3DeyJpZCI6NjQyMSwidXJsIjoiaHR0cHM6XC9cL2JpZW5lc3Rhci1vci5vcmdcL3dwLWNvbnRlbnRcL3VwbG9hZHNcLzIwMjFcLzA5XC9TdW5zZXQtR2FyZGVucy0xNS5qcGcifQ%3D%3D\">\n\t\t\t\t\t\t\t<img loading=\"lazy\" decoding=\"async\" loading=\"lazy\" width=\"750\" height=\"500\" src=\"https:\/\/bienestar-or.org\/wp-content\/uploads\/2021\/09\/Sunset-Gardens-15.jpg\" class=\"attachment-medium_large size-medium_large wp-image-6421\" alt=\"\" srcset=\"https:\/\/bienestar-or.org\/wp-content\/uploads\/2021\/09\/Sunset-Gardens-15.jpg 750w, https:\/\/bienestar-or.org\/wp-content\/uploads\/2021\/09\/Sunset-Gardens-15-300x200.jpg 300w, https:\/\/bienestar-or.org\/wp-content\/uploads\/2021\/09\/Sunset-Gardens-15-700x467.jpg 700w\" sizes=\"auto, (max-width: 750px) 100vw, 750px\" \/>\t\t\t\t\t\t\t\t<\/a>\n\t\t\t\t\t\t\t\t\t\t\t\t\t\t\t<\/div>\n\t\t\t\t<\/div>\n\t\t\t\t\t<\/div>\n\t\t<\/div>\n\t\t\t\t<div class=\"elementor-column elementor-col-33 elementor-top-column elementor-element elementor-element-32ca2d1\" data-id=\"32ca2d1\" data-element_type=\"column\" data-e-type=\"column\">\n\t\t\t<div class=\"elementor-widget-wrap elementor-element-populated\">\n\t\t\t\t\t\t<div class=\"elementor-element elementor-element-90d1fea elementor-widget elementor-widget-image\" data-id=\"90d1fea\" data-element_type=\"widget\" data-e-type=\"widget\" data-widget_type=\"image.default\">\n\t\t\t\t<div class=\"elementor-widget-container\">\n\t\t\t\t\t\t\t\t\t\t\t\t\t\t\t\t<a href=\"https:\/\/bienestar-or.org\/wp-content\/uploads\/2021\/09\/Sunset-Gardens-10.jpg\" data-elementor-open-lightbox=\"yes\" data-elementor-lightbox-title=\"Sunset Gardens-10\" data-e-action-hash=\"#elementor-action%3Aaction%3Dlightbox%26settings%3DeyJpZCI6NjQyMiwidXJsIjoiaHR0cHM6XC9cL2JpZW5lc3Rhci1vci5vcmdcL3dwLWNvbnRlbnRcL3VwbG9hZHNcLzIwMjFcLzA5XC9TdW5zZXQtR2FyZGVucy0xMC5qcGcifQ%3D%3D\">\n\t\t\t\t\t\t\t<img loading=\"lazy\" decoding=\"async\" loading=\"lazy\" width=\"750\" height=\"500\" src=\"https:\/\/bienestar-or.org\/wp-content\/uploads\/2021\/09\/Sunset-Gardens-10.jpg\" class=\"attachment-medium_large size-medium_large wp-image-6422\" alt=\"\" srcset=\"https:\/\/bienestar-or.org\/wp-content\/uploads\/2021\/09\/Sunset-Gardens-10.jpg 750w, https:\/\/bienestar-or.org\/wp-content\/uploads\/2021\/09\/Sunset-Gardens-10-300x200.jpg 300w, https:\/\/bienestar-or.org\/wp-content\/uploads\/2021\/09\/Sunset-Gardens-10-700x467.jpg 700w\" sizes=\"auto, (max-width: 750px) 100vw, 750px\" \/>\t\t\t\t\t\t\t\t<\/a>\n\t\t\t\t\t\t\t\t\t\t\t\t\t\t\t<\/div>\n\t\t\t\t<\/div>\n\t\t\t\t\t<\/div>\n\t\t<\/div>\n\t\t\t\t<div class=\"elementor-column elementor-col-33 elementor-top-column elementor-element elementor-element-7ff471f\" data-id=\"7ff471f\" data-element_type=\"column\" data-e-type=\"column\">\n\t\t\t<div class=\"elementor-widget-wrap elementor-element-populated\">\n\t\t\t\t\t\t<div class=\"elementor-element elementor-element-701d0a8 elementor-widget elementor-widget-image\" data-id=\"701d0a8\" data-element_type=\"widget\" data-e-type=\"widget\" data-widget_type=\"image.default\">\n\t\t\t\t<div class=\"elementor-widget-container\">\n\t\t\t\t\t\t\t\t\t\t\t\t\t\t\t\t<a href=\"https:\/\/bienestar-or.org\/wp-content\/uploads\/2021\/09\/Sunset-Gardens-5.jpg\" data-elementor-open-lightbox=\"yes\" data-elementor-lightbox-title=\"Sunset Gardens-5\" data-e-action-hash=\"#elementor-action%3Aaction%3Dlightbox%26settings%3DeyJpZCI6NjQyMywidXJsIjoiaHR0cHM6XC9cL2JpZW5lc3Rhci1vci5vcmdcL3dwLWNvbnRlbnRcL3VwbG9hZHNcLzIwMjFcLzA5XC9TdW5zZXQtR2FyZGVucy01LmpwZyJ9\">\n\t\t\t\t\t\t\t<img loading=\"lazy\" decoding=\"async\" loading=\"lazy\" width=\"750\" height=\"500\" src=\"https:\/\/bienestar-or.org\/wp-content\/uploads\/2021\/09\/Sunset-Gardens-5.jpg\" class=\"attachment-medium_large size-medium_large wp-image-6423\" alt=\"\" srcset=\"https:\/\/bienestar-or.org\/wp-content\/uploads\/2021\/09\/Sunset-Gardens-5.jpg 750w, https:\/\/bienestar-or.org\/wp-content\/uploads\/2021\/09\/Sunset-Gardens-5-300x200.jpg 300w, https:\/\/bienestar-or.org\/wp-content\/uploads\/2021\/09\/Sunset-Gardens-5-700x467.jpg 700w\" sizes=\"auto, (max-width: 750px) 100vw, 750px\" \/>\t\t\t\t\t\t\t\t<\/a>\n\t\t\t\t\t\t\t\t\t\t\t\t\t\t\t<\/div>\n\t\t\t\t<\/div>\n\t\t\t\t\t<\/div>\n\t\t<\/div>\n\t\t\t\t\t<\/div>\n\t\t<\/section>\n\t\t\t\t<section class=\"elementor-section elementor-top-section elementor-element elementor-element-8866376 elementor-section-boxed elementor-section-height-default elementor-section-height-default parallax_section_no qode_elementor_container_no\" data-id=\"8866376\" data-element_type=\"section\" data-e-type=\"section\">\n\t\t\t\t\t\t<div class=\"elementor-container elementor-column-gap-default\">\n\t\t\t\t\t<div class=\"elementor-column elementor-col-100 elementor-top-column elementor-element elementor-element-23951b6\" data-id=\"23951b6\" data-element_type=\"column\" data-e-type=\"column\">\n\t\t\t<div class=\"elementor-widget-wrap elementor-element-populated\">\n\t\t\t\t\t\t<div class=\"elementor-element elementor-element-39eeb1e elementor-widget elementor-widget-text-editor\" data-id=\"39eeb1e\" data-element_type=\"widget\" data-e-type=\"widget\" data-widget_type=\"text-editor.default\">\n\t\t\t\t<div class=\"elementor-widget-container\">\n\t\t\t\t\t\t\t\t\t<h4>Ubicaci\u00f3n:<\/h4>\t\t\t\t\t\t\t\t<\/div>\n\t\t\t\t<\/div>\n\t\t\t\t<div class=\"elementor-element elementor-element-6fa4d2a elementor-widget elementor-widget-text-editor\" data-id=\"6fa4d2a\" data-element_type=\"widget\" data-e-type=\"widget\" data-widget_type=\"text-editor.default\">\n\t\t\t\t<div class=\"elementor-widget-container\">\n\t\t\t\t\t\t\t\t\t<p><a href=\"https:\/\/www.google.com\/maps\/place\/951+SE+13th+Ave,+Hillsboro,+OR+97123\/data=!4m2!3m1!1s0x549510092a2e7bdb:0xa00c4a6afff3dfe2?sa=X&amp;ved=2ahUKEwiPwYLIw6_qAhUkO30KHQWvDJkQ8gEwAHoECAsQAQ\">951 SE 13th Ave. Hillsboro, OR 97123<\/a><\/p><p>\u00a0<\/p><p>Si est\u00e1 interesado en alquilar en los apartamentos de Sunset Gardens, llame al 503-648-1400 o env\u00ede un correo electr\u00f3nico a: sunsetgardens@nwrecc.org<\/p><p>\u00a0<\/p><p>Horario de oficina: De lunes a jueves, de 8:00 am a 4:00 pm<\/p><p>\u00a0<\/p><p>Las citas en persona y \/ o fuera de horario est\u00e1n disponibles bajo petici\u00f3n.<\/p><p>\u00a0<\/p><p>Horario de lavander\u00eda:\u00a024\/7<\/p>\t\t\t\t\t\t\t\t<\/div>\n\t\t\t\t<\/div>\n\t\t\t\t\t<\/div>\n\t\t<\/div>\n\t\t\t\t\t<\/div>\n\t\t<\/section>\n\t\t\t\t<section class=\"elementor-section elementor-top-section elementor-element elementor-element-e6f7209 elementor-section-boxed elementor-section-height-default elementor-section-height-default parallax_section_no qode_elementor_container_no\" data-id=\"e6f7209\" data-element_type=\"section\" data-e-type=\"section\">\n\t\t\t\t\t\t<div class=\"elementor-container elementor-column-gap-default\">\n\t\t\t\t\t<div class=\"elementor-column elementor-col-100 elementor-top-column elementor-element elementor-element-4442092\" data-id=\"4442092\" data-element_type=\"column\" data-e-type=\"column\">\n\t\t\t<div class=\"elementor-widget-wrap elementor-element-populated\">\n\t\t\t\t\t\t<div class=\"elementor-element elementor-element-0b1aed3 elementor-widget-divider--view-line elementor-widget elementor-widget-divider\" data-id=\"0b1aed3\" data-element_type=\"widget\" data-e-type=\"widget\" data-widget_type=\"divider.default\">\n\t\t\t\t<div class=\"elementor-widget-container\">\n\t\t\t\t\t\t\t<div class=\"elementor-divider\">\n\t\t\t<span class=\"elementor-divider-separator\">\n\t\t\t\t\t\t<\/span>\n\t\t<\/div>\n\t\t\t\t\t\t<\/div>\n\t\t\t\t<\/div>\n\t\t\t\t\t<\/div>\n\t\t<\/div>\n\t\t\t\t\t<\/div>\n\t\t<\/section>\n\t\t\t\t<section class=\"elementor-section elementor-top-section elementor-element elementor-element-5e754ad elementor-section-boxed elementor-section-height-default elementor-section-height-default parallax_section_no qode_elementor_container_no\" data-id=\"5e754ad\" data-element_type=\"section\" data-e-type=\"section\">\n\t\t\t\t\t\t<div class=\"elementor-container elementor-column-gap-default\">\n\t\t\t\t\t<div class=\"elementor-column elementor-col-33 elementor-top-column elementor-element elementor-element-ad6242f\" data-id=\"ad6242f\" data-element_type=\"column\" data-e-type=\"column\">\n\t\t\t<div class=\"elementor-widget-wrap\">\n\t\t\t\t\t\t\t<\/div>\n\t\t<\/div>\n\t\t\t\t<div class=\"elementor-column elementor-col-33 elementor-top-column elementor-element elementor-element-469e556\" data-id=\"469e556\" data-element_type=\"column\" data-e-type=\"column\">\n\t\t\t<div class=\"elementor-widget-wrap elementor-element-populated\">\n\t\t\t\t\t\t<section class=\"elementor-section elementor-inner-section elementor-element elementor-element-50f3412 elementor-section-boxed elementor-section-height-default elementor-section-height-default parallax_section_no qode_elementor_container_no\" data-id=\"50f3412\" data-element_type=\"section\" data-e-type=\"section\">\n\t\t\t\t\t\t<div class=\"elementor-container elementor-column-gap-default\">\n\t\t\t\t\t<div class=\"elementor-column elementor-col-50 elementor-inner-column elementor-element elementor-element-20dc6d6\" data-id=\"20dc6d6\" data-element_type=\"column\" data-e-type=\"column\">\n\t\t\t<div class=\"elementor-widget-wrap elementor-element-populated\">\n\t\t\t\t\t\t<div class=\"elementor-element elementor-element-feda5c6 elementor-widget elementor-widget-image\" data-id=\"feda5c6\" data-element_type=\"widget\" data-e-type=\"widget\" data-widget_type=\"image.default\">\n\t\t\t\t<div class=\"elementor-widget-container\">\n\t\t\t\t\t\t\t\t\t\t\t\t\t\t\t<img decoding=\"async\" src=\"https:\/\/bienestar-or.org\/wp-content\/uploads\/elementor\/thumbs\/equal-housing-opportunity-logo-1200w-pcmuj9xk8iz4en69h7x3k5c6vsmxsznp9579f2ko4u.jpg\" title=\"equal-housing-opportunity-logo-1200w\" alt=\"equal-housing-opportunity-logo-1200w\" loading=\"lazy\" \/>\t\t\t\t\t\t\t\t\t\t\t\t\t\t\t<\/div>\n\t\t\t\t<\/div>\n\t\t\t\t\t<\/div>\n\t\t<\/div>\n\t\t\t\t<div class=\"elementor-column elementor-col-50 elementor-inner-column elementor-element elementor-element-ee3cf53\" data-id=\"ee3cf53\" data-element_type=\"column\" data-e-type=\"column\">\n\t\t\t<div class=\"elementor-widget-wrap elementor-element-populated\">\n\t\t\t\t\t\t<div class=\"elementor-element elementor-element-57fec94 elementor-widget elementor-widget-text-editor\" data-id=\"57fec94\" data-element_type=\"widget\" data-e-type=\"widget\" data-widget_type=\"text-editor.default\">\n\t\t\t\t<div class=\"elementor-widget-container\">\n\t\t\t\t\t\t\t\t\tEstamos comprometidos con la carta y el esp\u00edritu de la pol\u00edtica de Estados Unidos para el logro de oportunidades de vivienda igualitaria a trav\u00e9s de la naci\u00f3n. Promovemos y apoyamos una publicidad y programa de mercadotecnia en la cual no existen barreras para obtener vivienda debido a raza, color, religi\u00f3n, sexo, discapacidad, estatus familiar, u origen nacional.\t\t\t\t\t\t\t\t<\/div>\n\t\t\t\t<\/div>\n\t\t\t\t\t<\/div>\n\t\t<\/div>\n\t\t\t\t\t<\/div>\n\t\t<\/section>\n\t\t\t\t\t<\/div>\n\t\t<\/div>\n\t\t\t\t<div class=\"elementor-column elementor-col-33 elementor-top-column elementor-element elementor-element-c2c2fd7\" data-id=\"c2c2fd7\" data-element_type=\"column\" data-e-type=\"column\">\n\t\t\t<div class=\"elementor-widget-wrap\">\n\t\t\t\t\t\t\t<\/div>\n\t\t<\/div>\n\t\t\t\t\t<\/div>\n\t\t<\/section>\n\t\t\t\t<\/div>\n\t\t","protected":false},"excerpt":{"rendered":"<p>Sunset Gardens Con 101 unidades de vivienda econ\u00f3mica, Sunset Gardens fue adquirido por Bienestar en mayo de 2007. Parte de un paquete que inclu\u00eda Sierra West y Willow Park, este fue el primer proyecto de Cr\u00e9dito Fiscal de Bajo Ingreso (LIHTC) de la organizaci\u00f3n que&#8230;<\/p>\n","protected":false},"author":1,"featured_media":0,"parent":6334,"menu_order":0,"comment_status":"closed","ping_status":"closed","template":"full_width.php","meta":{"nf_dc_page":"","om_disable_all_campaigns":false,"footnotes":""},"class_list":["post-6418","page","type-page","status-publish","hentry"],"_links":{"self":[{"href":"https:\/\/bienestar-or.org\/es\/wp-json\/wp\/v2\/pages\/6418","targetHints":{"allow":["GET"]}}],"collection":[{"href":"https:\/\/bienestar-or.org\/es\/wp-json\/wp\/v2\/pages"}],"about":[{"href":"https:\/\/bienestar-or.org\/es\/wp-json\/wp\/v2\/types\/page"}],"author":[{"embeddable":true,"href":"https:\/\/bienestar-or.org\/es\/wp-json\/wp\/v2\/users\/1"}],"replies":[{"embeddable":true,"href":"https:\/\/bienestar-or.org\/es\/wp-json\/wp\/v2\/comments?post=6418"}],"version-history":[{"count":5,"href":"https:\/\/bienestar-or.org\/es\/wp-json\/wp\/v2\/pages\/6418\/revisions"}],"predecessor-version":[{"id":16694,"href":"https:\/\/bienestar-or.org\/es\/wp-json\/wp\/v2\/pages\/6418\/revisions\/16694"}],"up":[{"embeddable":true,"href":"https:\/\/bienestar-or.org\/es\/wp-json\/wp\/v2\/pages\/6334"}],"wp:attachment":[{"href":"https:\/\/bienestar-or.org\/es\/wp-json\/wp\/v2\/media?parent=6418"}],"curies":[{"name":"wp","href":"https:\/\/api.w.org\/{rel}","templated":true}]}}