{"id":6408,"date":"2021-10-09T11:07:04","date_gmt":"2021-10-09T11:07:04","guid":{"rendered":"http:\/\/bienestar-or.org\/?page_id=6408"},"modified":"2024-01-03T23:52:57","modified_gmt":"2024-01-03T23:52:57","slug":"juniper-gardens","status":"publish","type":"page","link":"https:\/\/bienestar-or.org\/es\/vivienda\/juniper-gardens\/","title":{"rendered":"Juniper Gardens"},"content":{"rendered":"\t\t<div data-elementor-type=\"wp-page\" data-elementor-id=\"6408\" class=\"elementor elementor-6408 elementor-502\">\n\t\t\t\t\t\t<section class=\"elementor-section elementor-top-section elementor-element elementor-element-f4dbf54 elementor-section-full_width elementor-section-height-min-height elementor-section-height-default elementor-section-items-middle parallax_section_no qode_elementor_container_no\" data-id=\"f4dbf54\" data-element_type=\"section\" data-e-type=\"section\" data-settings=\"{&quot;background_background&quot;:&quot;classic&quot;}\">\n\t\t\t\t\t\t\t<div class=\"elementor-background-overlay\"><\/div>\n\t\t\t\t\t\t\t<div class=\"elementor-container elementor-column-gap-default\">\n\t\t\t\t\t<div class=\"elementor-column elementor-col-100 elementor-top-column elementor-element elementor-element-42a1c12\" data-id=\"42a1c12\" data-element_type=\"column\" data-e-type=\"column\">\n\t\t\t<div class=\"elementor-widget-wrap elementor-element-populated\">\n\t\t\t\t\t\t<div class=\"elementor-element elementor-element-5eb4c3d elementor-widget elementor-widget-text-editor\" data-id=\"5eb4c3d\" data-element_type=\"widget\" data-e-type=\"widget\" data-widget_type=\"text-editor.default\">\n\t\t\t\t<div class=\"elementor-widget-container\">\n\t\t\t\t\t\t\t\t\tJuniper Gardens\t\t\t\t\t\t\t\t<\/div>\n\t\t\t\t<\/div>\n\t\t\t\t\t<\/div>\n\t\t<\/div>\n\t\t\t\t\t<\/div>\n\t\t<\/section>\n\t\t\t\t<section class=\"elementor-section elementor-top-section elementor-element elementor-element-710cd8f qode_elementor_container_inner elementor-section-boxed elementor-section-height-default elementor-section-height-default parallax_section_no\" data-id=\"710cd8f\" data-element_type=\"section\" data-e-type=\"section\">\n\t\t\t\t\t\t<div class=\"elementor-container elementor-column-gap-default\">\n\t\t\t\t\t<div class=\"elementor-column elementor-col-50 elementor-top-column elementor-element elementor-element-3af7c15\" data-id=\"3af7c15\" data-element_type=\"column\" data-e-type=\"column\">\n\t\t\t<div class=\"elementor-widget-wrap elementor-element-populated\">\n\t\t\t\t\t\t<div class=\"elementor-element elementor-element-565aea3 elementor-widget elementor-widget-image\" data-id=\"565aea3\" data-element_type=\"widget\" data-e-type=\"widget\" data-widget_type=\"image.default\">\n\t\t\t\t<div class=\"elementor-widget-container\">\n\t\t\t\t\t\t\t\t\t\t\t\t\t\t\t<img loading=\"lazy\" decoding=\"async\" loading=\"lazy\" width=\"700\" height=\"467\" src=\"https:\/\/bienestar-or.org\/wp-content\/uploads\/2021\/09\/Juniper-Gardens-2.jpg\" class=\"attachment-medium_large size-medium_large wp-image-6412\" alt=\"\" srcset=\"https:\/\/bienestar-or.org\/wp-content\/uploads\/2021\/09\/Juniper-Gardens-2.jpg 700w, https:\/\/bienestar-or.org\/wp-content\/uploads\/2021\/09\/Juniper-Gardens-2-300x200.jpg 300w\" sizes=\"auto, (max-width: 700px) 100vw, 700px\" \/>\t\t\t\t\t\t\t\t\t\t\t\t\t\t\t<\/div>\n\t\t\t\t<\/div>\n\t\t\t\t\t<\/div>\n\t\t<\/div>\n\t\t\t\t<div class=\"elementor-column elementor-col-50 elementor-top-column elementor-element elementor-element-16805ef\" data-id=\"16805ef\" data-element_type=\"column\" data-e-type=\"column\">\n\t\t\t<div class=\"elementor-widget-wrap elementor-element-populated\">\n\t\t\t\t\t\t<div class=\"elementor-element elementor-element-80b4969 elementor-widget elementor-widget-text-editor\" data-id=\"80b4969\" data-element_type=\"widget\" data-e-type=\"widget\" data-widget_type=\"text-editor.default\">\n\t\t\t\t<div class=\"elementor-widget-container\">\n\t\t\t\t\t\t\t\t\t<p>Construida en 2014, <strong>Apartamentos Juniper Gardens<\/strong> se complet\u00f3 en dos fases separadas, y contiene un total de 45 unidades de vivienda para trabajadores agr\u00edcolas. Estos edificios fueron galardonados con la Certificaci\u00f3n LEED Silver gracias a las pr\u00e1cticas de construcci\u00f3n ecol\u00f3gicamente responsables utilizadas.<\/p>\t\t\t\t\t\t\t\t<\/div>\n\t\t\t\t<\/div>\n\t\t\t\t\t<\/div>\n\t\t<\/div>\n\t\t\t\t\t<\/div>\n\t\t<\/section>\n\t\t\t\t<section class=\"elementor-section elementor-top-section elementor-element elementor-element-c5c12de elementor-section-boxed elementor-section-height-default elementor-section-height-default parallax_section_no qode_elementor_container_no\" data-id=\"c5c12de\" data-element_type=\"section\" data-e-type=\"section\">\n\t\t\t\t\t\t<div class=\"elementor-container elementor-column-gap-default\">\n\t\t\t\t\t<div class=\"elementor-column elementor-col-33 elementor-top-column elementor-element elementor-element-4ca3846\" data-id=\"4ca3846\" data-element_type=\"column\" data-e-type=\"column\">\n\t\t\t<div class=\"elementor-widget-wrap elementor-element-populated\">\n\t\t\t\t\t\t<div class=\"elementor-element elementor-element-f382fcf elementor-widget elementor-widget-image\" data-id=\"f382fcf\" data-element_type=\"widget\" data-e-type=\"widget\" data-widget_type=\"image.default\">\n\t\t\t\t<div class=\"elementor-widget-container\">\n\t\t\t\t\t\t\t\t\t\t\t\t\t\t\t\t<a href=\"https:\/\/bienestar-or.org\/wp-content\/uploads\/2021\/09\/Juniper-Gardens-13.jpg\" data-elementor-open-lightbox=\"yes\" data-elementor-lightbox-title=\"Juniper Gardens-13\" data-e-action-hash=\"#elementor-action%3Aaction%3Dlightbox%26settings%3DeyJpZCI6NjQxMywidXJsIjoiaHR0cHM6XC9cL2JpZW5lc3Rhci1vci5vcmdcL3dwLWNvbnRlbnRcL3VwbG9hZHNcLzIwMjFcLzA5XC9KdW5pcGVyLUdhcmRlbnMtMTMuanBnIn0%3D\">\n\t\t\t\t\t\t\t<img loading=\"lazy\" decoding=\"async\" loading=\"lazy\" width=\"750\" height=\"500\" src=\"https:\/\/bienestar-or.org\/wp-content\/uploads\/2021\/09\/Juniper-Gardens-13.jpg\" class=\"attachment-medium_large size-medium_large wp-image-6413\" alt=\"\" srcset=\"https:\/\/bienestar-or.org\/wp-content\/uploads\/2021\/09\/Juniper-Gardens-13.jpg 750w, https:\/\/bienestar-or.org\/wp-content\/uploads\/2021\/09\/Juniper-Gardens-13-300x200.jpg 300w, https:\/\/bienestar-or.org\/wp-content\/uploads\/2021\/09\/Juniper-Gardens-13-700x467.jpg 700w\" sizes=\"auto, (max-width: 750px) 100vw, 750px\" \/>\t\t\t\t\t\t\t\t<\/a>\n\t\t\t\t\t\t\t\t\t\t\t\t\t\t\t<\/div>\n\t\t\t\t<\/div>\n\t\t\t\t\t<\/div>\n\t\t<\/div>\n\t\t\t\t<div class=\"elementor-column elementor-col-33 elementor-top-column elementor-element elementor-element-32ca2d1\" data-id=\"32ca2d1\" data-element_type=\"column\" data-e-type=\"column\">\n\t\t\t<div class=\"elementor-widget-wrap elementor-element-populated\">\n\t\t\t\t\t\t<div class=\"elementor-element elementor-element-90d1fea elementor-widget elementor-widget-image\" data-id=\"90d1fea\" data-element_type=\"widget\" data-e-type=\"widget\" data-widget_type=\"image.default\">\n\t\t\t\t<div class=\"elementor-widget-container\">\n\t\t\t\t\t\t\t\t\t\t\t\t\t\t\t\t<a href=\"https:\/\/bienestar-or.org\/wp-content\/uploads\/2021\/09\/Juniper-Gardens-19.jpg\" data-elementor-open-lightbox=\"yes\" data-elementor-lightbox-title=\"Juniper Gardens-19\" data-e-action-hash=\"#elementor-action%3Aaction%3Dlightbox%26settings%3DeyJpZCI6NjQxNCwidXJsIjoiaHR0cHM6XC9cL2JpZW5lc3Rhci1vci5vcmdcL3dwLWNvbnRlbnRcL3VwbG9hZHNcLzIwMjFcLzA5XC9KdW5pcGVyLUdhcmRlbnMtMTkuanBnIn0%3D\">\n\t\t\t\t\t\t\t<img loading=\"lazy\" decoding=\"async\" loading=\"lazy\" width=\"750\" height=\"500\" src=\"https:\/\/bienestar-or.org\/wp-content\/uploads\/2021\/09\/Juniper-Gardens-19.jpg\" class=\"attachment-medium_large size-medium_large wp-image-6414\" alt=\"\" srcset=\"https:\/\/bienestar-or.org\/wp-content\/uploads\/2021\/09\/Juniper-Gardens-19.jpg 750w, https:\/\/bienestar-or.org\/wp-content\/uploads\/2021\/09\/Juniper-Gardens-19-300x200.jpg 300w, https:\/\/bienestar-or.org\/wp-content\/uploads\/2021\/09\/Juniper-Gardens-19-700x467.jpg 700w\" sizes=\"auto, (max-width: 750px) 100vw, 750px\" \/>\t\t\t\t\t\t\t\t<\/a>\n\t\t\t\t\t\t\t\t\t\t\t\t\t\t\t<\/div>\n\t\t\t\t<\/div>\n\t\t\t\t\t<\/div>\n\t\t<\/div>\n\t\t\t\t<div class=\"elementor-column elementor-col-33 elementor-top-column elementor-element elementor-element-7ff471f\" data-id=\"7ff471f\" data-element_type=\"column\" data-e-type=\"column\">\n\t\t\t<div class=\"elementor-widget-wrap elementor-element-populated\">\n\t\t\t\t\t\t<div class=\"elementor-element elementor-element-701d0a8 elementor-widget elementor-widget-image\" data-id=\"701d0a8\" data-element_type=\"widget\" data-e-type=\"widget\" data-widget_type=\"image.default\">\n\t\t\t\t<div class=\"elementor-widget-container\">\n\t\t\t\t\t\t\t\t\t\t\t\t\t\t\t\t<a href=\"https:\/\/bienestar-or.org\/wp-content\/uploads\/2021\/09\/Juniper-Gardens-5.jpg\" data-elementor-open-lightbox=\"yes\" data-elementor-lightbox-title=\"Juniper Gardens-5\" data-e-action-hash=\"#elementor-action%3Aaction%3Dlightbox%26settings%3DeyJpZCI6NjQxNSwidXJsIjoiaHR0cHM6XC9cL2JpZW5lc3Rhci1vci5vcmdcL3dwLWNvbnRlbnRcL3VwbG9hZHNcLzIwMjFcLzA5XC9KdW5pcGVyLUdhcmRlbnMtNS5qcGcifQ%3D%3D\">\n\t\t\t\t\t\t\t<img loading=\"lazy\" decoding=\"async\" loading=\"lazy\" width=\"750\" height=\"500\" src=\"https:\/\/bienestar-or.org\/wp-content\/uploads\/2021\/09\/Juniper-Gardens-5.jpg\" class=\"attachment-medium_large size-medium_large wp-image-6415\" alt=\"\" srcset=\"https:\/\/bienestar-or.org\/wp-content\/uploads\/2021\/09\/Juniper-Gardens-5.jpg 750w, https:\/\/bienestar-or.org\/wp-content\/uploads\/2021\/09\/Juniper-Gardens-5-300x200.jpg 300w, https:\/\/bienestar-or.org\/wp-content\/uploads\/2021\/09\/Juniper-Gardens-5-700x467.jpg 700w\" sizes=\"auto, (max-width: 750px) 100vw, 750px\" \/>\t\t\t\t\t\t\t\t<\/a>\n\t\t\t\t\t\t\t\t\t\t\t\t\t\t\t<\/div>\n\t\t\t\t<\/div>\n\t\t\t\t\t<\/div>\n\t\t<\/div>\n\t\t\t\t\t<\/div>\n\t\t<\/section>\n\t\t\t\t<section class=\"elementor-section elementor-top-section elementor-element elementor-element-8866376 elementor-section-boxed elementor-section-height-default elementor-section-height-default parallax_section_no qode_elementor_container_no\" data-id=\"8866376\" data-element_type=\"section\" data-e-type=\"section\">\n\t\t\t\t\t\t<div class=\"elementor-container elementor-column-gap-default\">\n\t\t\t\t\t<div class=\"elementor-column elementor-col-100 elementor-top-column elementor-element elementor-element-23951b6\" data-id=\"23951b6\" data-element_type=\"column\" data-e-type=\"column\">\n\t\t\t<div class=\"elementor-widget-wrap elementor-element-populated\">\n\t\t\t\t\t\t<div class=\"elementor-element elementor-element-39eeb1e elementor-widget elementor-widget-text-editor\" data-id=\"39eeb1e\" data-element_type=\"widget\" data-e-type=\"widget\" data-widget_type=\"text-editor.default\">\n\t\t\t\t<div class=\"elementor-widget-container\">\n\t\t\t\t\t\t\t\t\t<h4>Ubicaci\u00f3n:<\/h4>\t\t\t\t\t\t\t\t<\/div>\n\t\t\t\t<\/div>\n\t\t\t\t<div class=\"elementor-element elementor-element-6fa4d2a elementor-widget elementor-widget-text-editor\" data-id=\"6fa4d2a\" data-element_type=\"widget\" data-e-type=\"widget\" data-widget_type=\"text-editor.default\">\n\t\t\t\t<div class=\"elementor-widget-container\">\n\t\t\t\t\t\t\t\t\t<p><a href=\"https:\/\/www.google.com\/maps\/place\/2718+Juniper+St,+Forest+Grove,+OR+97116\/@45.5285306,-123.098638,17z\/data=!3m1!4b1!4m5!3m4!1s0x54951bd002f9cc3f:0x7441693fe8ca6075!8m2!3d45.5285269!4d-123.096444\">2718 Juniper Street\u00a0 Forest Grove, OR 97116<\/a><\/p><p>Si est\u00e1 interesado en alquilar en los apartamentos de Juniper Gardens, llame al 503-941-5909 o env\u00ede un correo electr\u00f3nico a: junipergardens@nwrecc.org<\/p><p>Horario de oficina: De lunes a jueves, de 8:00 am a 4:00 pm<\/p><p>Las citas en persona y \/ o fuera de horario est\u00e1n disponibles bajo petici\u00f3n.<\/p><p>Horario de lavander\u00eda: 24\/7<\/p>\t\t\t\t\t\t\t\t<\/div>\n\t\t\t\t<\/div>\n\t\t\t\t\t<\/div>\n\t\t<\/div>\n\t\t\t\t\t<\/div>\n\t\t<\/section>\n\t\t\t\t<section class=\"elementor-section elementor-top-section elementor-element elementor-element-e6f7209 elementor-section-boxed elementor-section-height-default elementor-section-height-default parallax_section_no qode_elementor_container_no\" data-id=\"e6f7209\" data-element_type=\"section\" data-e-type=\"section\">\n\t\t\t\t\t\t<div class=\"elementor-container elementor-column-gap-default\">\n\t\t\t\t\t<div class=\"elementor-column elementor-col-100 elementor-top-column elementor-element elementor-element-4442092\" data-id=\"4442092\" data-element_type=\"column\" data-e-type=\"column\">\n\t\t\t<div class=\"elementor-widget-wrap elementor-element-populated\">\n\t\t\t\t\t\t<div class=\"elementor-element elementor-element-0b1aed3 elementor-widget-divider--view-line elementor-widget elementor-widget-divider\" data-id=\"0b1aed3\" data-element_type=\"widget\" data-e-type=\"widget\" data-widget_type=\"divider.default\">\n\t\t\t\t<div class=\"elementor-widget-container\">\n\t\t\t\t\t\t\t<div class=\"elementor-divider\">\n\t\t\t<span class=\"elementor-divider-separator\">\n\t\t\t\t\t\t<\/span>\n\t\t<\/div>\n\t\t\t\t\t\t<\/div>\n\t\t\t\t<\/div>\n\t\t\t\t\t<\/div>\n\t\t<\/div>\n\t\t\t\t\t<\/div>\n\t\t<\/section>\n\t\t\t\t<section class=\"elementor-section elementor-top-section elementor-element elementor-element-5e754ad elementor-section-boxed elementor-section-height-default elementor-section-height-default parallax_section_no qode_elementor_container_no\" data-id=\"5e754ad\" data-element_type=\"section\" data-e-type=\"section\">\n\t\t\t\t\t\t<div class=\"elementor-container elementor-column-gap-default\">\n\t\t\t\t\t<div class=\"elementor-column elementor-col-33 elementor-top-column elementor-element elementor-element-ad6242f\" data-id=\"ad6242f\" data-element_type=\"column\" data-e-type=\"column\">\n\t\t\t<div class=\"elementor-widget-wrap\">\n\t\t\t\t\t\t\t<\/div>\n\t\t<\/div>\n\t\t\t\t<div class=\"elementor-column elementor-col-33 elementor-top-column elementor-element elementor-element-469e556\" data-id=\"469e556\" data-element_type=\"column\" data-e-type=\"column\">\n\t\t\t<div class=\"elementor-widget-wrap elementor-element-populated\">\n\t\t\t\t\t\t<section class=\"elementor-section elementor-inner-section elementor-element elementor-element-50f3412 elementor-section-boxed elementor-section-height-default elementor-section-height-default parallax_section_no qode_elementor_container_no\" data-id=\"50f3412\" data-element_type=\"section\" data-e-type=\"section\">\n\t\t\t\t\t\t<div class=\"elementor-container elementor-column-gap-default\">\n\t\t\t\t\t<div class=\"elementor-column elementor-col-50 elementor-inner-column elementor-element elementor-element-20dc6d6\" data-id=\"20dc6d6\" data-element_type=\"column\" data-e-type=\"column\">\n\t\t\t<div class=\"elementor-widget-wrap elementor-element-populated\">\n\t\t\t\t\t\t<div class=\"elementor-element elementor-element-feda5c6 elementor-widget elementor-widget-image\" data-id=\"feda5c6\" data-element_type=\"widget\" data-e-type=\"widget\" data-widget_type=\"image.default\">\n\t\t\t\t<div class=\"elementor-widget-container\">\n\t\t\t\t\t\t\t\t\t\t\t\t\t\t\t<img decoding=\"async\" src=\"https:\/\/bienestar-or.org\/wp-content\/uploads\/elementor\/thumbs\/equal-housing-opportunity-logo-1200w-pcmuj9xk8iz4en69h7x3k5c6vsmxsznp9579f2ko4u.jpg\" title=\"equal-housing-opportunity-logo-1200w\" alt=\"equal-housing-opportunity-logo-1200w\" loading=\"lazy\" \/>\t\t\t\t\t\t\t\t\t\t\t\t\t\t\t<\/div>\n\t\t\t\t<\/div>\n\t\t\t\t\t<\/div>\n\t\t<\/div>\n\t\t\t\t<div class=\"elementor-column elementor-col-50 elementor-inner-column elementor-element elementor-element-ee3cf53\" data-id=\"ee3cf53\" data-element_type=\"column\" data-e-type=\"column\">\n\t\t\t<div class=\"elementor-widget-wrap elementor-element-populated\">\n\t\t\t\t\t\t<div class=\"elementor-element elementor-element-57fec94 elementor-widget elementor-widget-text-editor\" data-id=\"57fec94\" data-element_type=\"widget\" data-e-type=\"widget\" data-widget_type=\"text-editor.default\">\n\t\t\t\t<div class=\"elementor-widget-container\">\n\t\t\t\t\t\t\t\t\tEstamos comprometidos con la carta y el esp\u00edritu de la pol\u00edtica de Estados Unidos para el  logro de oportunidades de vivienda igualitaria a trav\u00e9s de la naci\u00f3n. Promovemos y apoyamos una publicidad y programa de mercadotecnia en la cual no existen barreras para obtener vivienda debido a raza, color, religi\u00f3n, sexo, discapacidad, estatus familiar u origen nacional.\t\t\t\t\t\t\t\t<\/div>\n\t\t\t\t<\/div>\n\t\t\t\t\t<\/div>\n\t\t<\/div>\n\t\t\t\t\t<\/div>\n\t\t<\/section>\n\t\t\t\t\t<\/div>\n\t\t<\/div>\n\t\t\t\t<div class=\"elementor-column elementor-col-33 elementor-top-column elementor-element elementor-element-c2c2fd7\" data-id=\"c2c2fd7\" data-element_type=\"column\" data-e-type=\"column\">\n\t\t\t<div class=\"elementor-widget-wrap\">\n\t\t\t\t\t\t\t<\/div>\n\t\t<\/div>\n\t\t\t\t\t<\/div>\n\t\t<\/section>\n\t\t\t\t<\/div>\n\t\t","protected":false},"excerpt":{"rendered":"<p>Juniper Gardens Construida en 2014, Apartamentos Juniper Gardens se complet\u00f3 en dos fases separadas, y contiene un total de 45 unidades de vivienda para trabajadores agr\u00edcolas. Estos edificios fueron galardonados con la Certificaci\u00f3n LEED Silver gracias a las pr\u00e1cticas de construcci\u00f3n ecol\u00f3gicamente responsables utilizadas. Ubicaci\u00f3n:&#8230;<\/p>\n","protected":false},"author":1,"featured_media":0,"parent":6334,"menu_order":0,"comment_status":"closed","ping_status":"closed","template":"full_width.php","meta":{"nf_dc_page":"","om_disable_all_campaigns":false,"footnotes":""},"class_list":["post-6408","page","type-page","status-publish","hentry"],"_links":{"self":[{"href":"https:\/\/bienestar-or.org\/es\/wp-json\/wp\/v2\/pages\/6408","targetHints":{"allow":["GET"]}}],"collection":[{"href":"https:\/\/bienestar-or.org\/es\/wp-json\/wp\/v2\/pages"}],"about":[{"href":"https:\/\/bienestar-or.org\/es\/wp-json\/wp\/v2\/types\/page"}],"author":[{"embeddable":true,"href":"https:\/\/bienestar-or.org\/es\/wp-json\/wp\/v2\/users\/1"}],"replies":[{"embeddable":true,"href":"https:\/\/bienestar-or.org\/es\/wp-json\/wp\/v2\/comments?post=6408"}],"version-history":[{"count":5,"href":"https:\/\/bienestar-or.org\/es\/wp-json\/wp\/v2\/pages\/6408\/revisions"}],"predecessor-version":[{"id":16681,"href":"https:\/\/bienestar-or.org\/es\/wp-json\/wp\/v2\/pages\/6408\/revisions\/16681"}],"up":[{"embeddable":true,"href":"https:\/\/bienestar-or.org\/es\/wp-json\/wp\/v2\/pages\/6334"}],"wp:attachment":[{"href":"https:\/\/bienestar-or.org\/es\/wp-json\/wp\/v2\/media?parent=6408"}],"curies":[{"name":"wp","href":"https:\/\/api.w.org\/{rel}","templated":true}]}}