{"id":6286,"date":"2021-10-09T07:41:34","date_gmt":"2021-10-09T07:41:34","guid":{"rendered":"http:\/\/bienestar-or.org\/?page_id=6286"},"modified":"2022-04-13T00:39:47","modified_gmt":"2022-04-13T00:39:47","slug":"declaracion-de-equidad","status":"publish","type":"page","link":"https:\/\/bienestar-or.org\/es\/declaracion-de-equidad\/","title":{"rendered":"Declaraci\u00f3n de Equidad"},"content":{"rendered":"\t\t<div data-elementor-type=\"wp-page\" data-elementor-id=\"6286\" class=\"elementor elementor-6286 elementor-29\">\n\t\t\t\t\t\t<section class=\"elementor-section elementor-top-section elementor-element elementor-element-85bd0a2 elementor-section-full_width elementor-section-height-min-height parallax_section_holder elementor-section-height-default elementor-section-items-middle qode_elementor_container_no\" data-id=\"85bd0a2\" data-element_type=\"section\" data-e-type=\"section\" data-settings=\"{&quot;background_background&quot;:&quot;classic&quot;,&quot;qode_parallax_image&quot;:{&quot;url&quot;:&quot;&quot;,&quot;id&quot;:&quot;&quot;,&quot;size&quot;:&quot;&quot;}}\">\n\t\t\t\t\t\t\t<div class=\"elementor-background-overlay\"><\/div>\n\t\t\t\t\t\t\t<div class=\"elementor-container elementor-column-gap-default\">\n\t\t\t\t\t<div class=\"elementor-column elementor-col-100 elementor-top-column elementor-element elementor-element-0e0297d\" data-id=\"0e0297d\" data-element_type=\"column\" data-e-type=\"column\">\n\t\t\t<div class=\"elementor-widget-wrap elementor-element-populated\">\n\t\t\t\t\t\t<div class=\"elementor-element elementor-element-1c26d72 elementor-widget elementor-widget-text-editor\" data-id=\"1c26d72\" data-element_type=\"widget\" data-e-type=\"widget\" data-widget_type=\"text-editor.default\">\n\t\t\t\t<div class=\"elementor-widget-container\">\n\t\t\t\t\t\t\t\t\t<h2><span style=\"color: #ffffff;\">Declaraci\u00f3n de Equidad<\/span><\/h2>\t\t\t\t\t\t\t\t<\/div>\n\t\t\t\t<\/div>\n\t\t\t\t<div class=\"elementor-element elementor-element-28599cc elementor-widget elementor-widget-text-editor\" data-id=\"28599cc\" data-element_type=\"widget\" data-e-type=\"widget\" data-widget_type=\"text-editor.default\">\n\t\t\t\t<div class=\"elementor-widget-container\">\n\t\t\t\t\t\t\t\t\tAdoptada por la Junta Directiva el 6 de Abril de 2020.\t\t\t\t\t\t\t\t<\/div>\n\t\t\t\t<\/div>\n\t\t\t\t\t<\/div>\n\t\t<\/div>\n\t\t\t\t\t<\/div>\n\t\t<\/section>\n\t\t\t\t<section class=\"elementor-section elementor-top-section elementor-element elementor-element-d224ad5 elementor-section-boxed elementor-section-height-default elementor-section-height-default parallax_section_no qode_elementor_container_no\" data-id=\"d224ad5\" data-element_type=\"section\" data-e-type=\"section\">\n\t\t\t\t\t\t<div class=\"elementor-container elementor-column-gap-default\">\n\t\t\t\t\t<div class=\"elementor-column elementor-col-100 elementor-top-column elementor-element elementor-element-0c8f740\" data-id=\"0c8f740\" data-element_type=\"column\" data-e-type=\"column\">\n\t\t\t<div class=\"elementor-widget-wrap elementor-element-populated\">\n\t\t\t\t\t\t<div class=\"elementor-element elementor-element-340b606 elementor-widget elementor-widget-text-editor\" data-id=\"340b606\" data-element_type=\"widget\" data-e-type=\"widget\" data-widget_type=\"text-editor.default\">\n\t\t\t\t<div class=\"elementor-widget-container\">\n\t\t\t\t\t\t\t\t\t<p><strong>La misi\u00f3n de Bienestar es construir vivienda, esperanza y comunidad para la prosperidad de los Latinos, inmigrantes, y todas las familias en necesidad.<\/strong> Reconocemos que las familias en necesidad frecuentemente enfrentan barreras y exclusi\u00f3n de la vivienda econ\u00f3mica basada en caracter\u00edsticas c\u00f3mo ingreso, raza, color, idioma, herencia cultural, etnicidad, origen nacional, religi\u00f3n, edad, orientaci\u00f3n sexual, estatus marital, y estatus de discapacidad.<\/p><p>\u00a0<\/p><p><strong>En fomento de servir a las familias en necesidad para enfrentar estas barreras y exclusiones, Bienestar se compromete en la realizaci\u00f3n de su gobernabilidad y asuntos:<\/strong><\/p><ul><li>De reconocer y apreciar la dignidad y el valor de todos los individuos y familias;<\/li><li>De invitar y participar en discursos de temas de diversidad, equidad, e inclusi\u00f3n;<\/li><li>De desarrollar dentro de su propia gobernabilidad, operaciones, y unidades de vivienda econ\u00f3mica, pol\u00edticas, y una disciplina que aborde diversidad, igualdad, e inclusi\u00f3n; y<\/li><li>De promover y alimentar un ambiente abierto y acogedor dentro de su propio espacio de trabajo y sus unidades de vivienda econ\u00f3mica.<\/li><\/ul><p>Bienestar espera el apoyo y participaci\u00f3n de toda su Junta Directiva, empleados, individuos y familias que sirve, contratistas, y miembros de la comunidad para mantener estos compromisos centrales a su envolvimiento con Bienestar y a servir a familias en necesidad.<\/p>\t\t\t\t\t\t\t\t<\/div>\n\t\t\t\t<\/div>\n\t\t\t\t\t<\/div>\n\t\t<\/div>\n\t\t\t\t\t<\/div>\n\t\t<\/section>\n\t\t\t\t<\/div>\n\t\t","protected":false},"excerpt":{"rendered":"<p>Declaraci\u00f3n de Equidad Adoptada por la Junta Directiva el 6 de Abril de 2020. La misi\u00f3n de Bienestar es construir vivienda, esperanza y comunidad para la prosperidad de los Latinos, inmigrantes, y todas las familias en necesidad. Reconocemos que las familias en necesidad frecuentemente enfrentan&#8230;<\/p>\n","protected":false},"author":1,"featured_media":0,"parent":0,"menu_order":0,"comment_status":"closed","ping_status":"closed","template":"full_width.php","meta":{"nf_dc_page":"","om_disable_all_campaigns":false,"footnotes":""},"class_list":["post-6286","page","type-page","status-publish","hentry"],"_links":{"self":[{"href":"https:\/\/bienestar-or.org\/es\/wp-json\/wp\/v2\/pages\/6286","targetHints":{"allow":["GET"]}}],"collection":[{"href":"https:\/\/bienestar-or.org\/es\/wp-json\/wp\/v2\/pages"}],"about":[{"href":"https:\/\/bienestar-or.org\/es\/wp-json\/wp\/v2\/types\/page"}],"author":[{"embeddable":true,"href":"https:\/\/bienestar-or.org\/es\/wp-json\/wp\/v2\/users\/1"}],"replies":[{"embeddable":true,"href":"https:\/\/bienestar-or.org\/es\/wp-json\/wp\/v2\/comments?post=6286"}],"version-history":[{"count":5,"href":"https:\/\/bienestar-or.org\/es\/wp-json\/wp\/v2\/pages\/6286\/revisions"}],"predecessor-version":[{"id":7944,"href":"https:\/\/bienestar-or.org\/es\/wp-json\/wp\/v2\/pages\/6286\/revisions\/7944"}],"wp:attachment":[{"href":"https:\/\/bienestar-or.org\/es\/wp-json\/wp\/v2\/media?parent=6286"}],"curies":[{"name":"wp","href":"https:\/\/api.w.org\/{rel}","templated":true}]}}