{"id":6203,"date":"2021-10-09T06:59:53","date_gmt":"2021-10-09T06:59:53","guid":{"rendered":"http:\/\/bienestar-or.org\/?page_id=6203"},"modified":"2025-02-04T19:48:35","modified_gmt":"2025-02-04T19:48:35","slug":"sobre-nosotros","status":"publish","type":"page","link":"https:\/\/bienestar-or.org\/es\/sobre-nosotros\/","title":{"rendered":"Sobre Nosotros"},"content":{"rendered":"\t\t<div data-elementor-type=\"wp-page\" data-elementor-id=\"6203\" class=\"elementor elementor-6203 elementor-13\">\n\t\t\t\t\t\t<section class=\"elementor-section elementor-top-section elementor-element elementor-element-e60c15d elementor-section-full_width elementor-section-height-min-height parallax_section_holder elementor-hidden-mobile elementor-section-height-default elementor-section-items-middle qode_elementor_container_no\" data-id=\"e60c15d\" data-element_type=\"section\" data-e-type=\"section\" data-settings=\"{&quot;background_background&quot;:&quot;classic&quot;,&quot;qode_parallax_image&quot;:{&quot;url&quot;:&quot;&quot;,&quot;id&quot;:&quot;&quot;,&quot;size&quot;:&quot;&quot;}}\">\n\t\t\t\t\t\t<div class=\"elementor-container elementor-column-gap-default\">\n\t\t\t\t\t<div class=\"elementor-column elementor-col-100 elementor-top-column elementor-element elementor-element-467eac3\" data-id=\"467eac3\" data-element_type=\"column\" data-e-type=\"column\">\n\t\t\t<div class=\"elementor-widget-wrap elementor-element-populated\">\n\t\t\t\t\t\t<div class=\"elementor-element elementor-element-9e2ed98 elementor-widget elementor-widget-text-editor\" data-id=\"9e2ed98\" data-element_type=\"widget\" data-e-type=\"widget\" data-widget_type=\"text-editor.default\">\n\t\t\t\t<div class=\"elementor-widget-container\">\n\t\t\t\t\t\t\t\t\tDesde 1981\t\t\t\t\t\t\t\t<\/div>\n\t\t\t\t<\/div>\n\t\t\t\t<div class=\"elementor-element elementor-element-3c7ff4c elementor-widget elementor-widget-text-editor\" data-id=\"3c7ff4c\" data-element_type=\"widget\" data-e-type=\"widget\" data-widget_type=\"text-editor.default\">\n\t\t\t\t<div class=\"elementor-widget-container\">\n\t\t\t\t\t\t\t\t\tSobre Nosotros\t\t\t\t\t\t\t\t<\/div>\n\t\t\t\t<\/div>\n\t\t\t\t\t<\/div>\n\t\t<\/div>\n\t\t\t\t\t<\/div>\n\t\t<\/section>\n\t\t\t\t<section class=\"elementor-section elementor-top-section elementor-element elementor-element-00c0c85 elementor-section-full_width elementor-section-height-min-height elementor-hidden-desktop elementor-hidden-tablet elementor-section-height-default elementor-section-items-middle parallax_section_no qode_elementor_container_no\" data-id=\"00c0c85\" data-element_type=\"section\" data-e-type=\"section\" data-settings=\"{&quot;background_background&quot;:&quot;classic&quot;}\">\n\t\t\t\t\t\t<div class=\"elementor-container elementor-column-gap-default\">\n\t\t\t\t\t<div class=\"elementor-column elementor-col-100 elementor-top-column elementor-element elementor-element-57c67ff\" data-id=\"57c67ff\" data-element_type=\"column\" data-e-type=\"column\">\n\t\t\t<div class=\"elementor-widget-wrap elementor-element-populated\">\n\t\t\t\t\t\t<div class=\"elementor-element elementor-element-762f404 elementor-widget elementor-widget-text-editor\" data-id=\"762f404\" data-element_type=\"widget\" data-e-type=\"widget\" data-widget_type=\"text-editor.default\">\n\t\t\t\t<div class=\"elementor-widget-container\">\n\t\t\t\t\t\t\t\t\tDesde 1981\t\t\t\t\t\t\t\t<\/div>\n\t\t\t\t<\/div>\n\t\t\t\t<div class=\"elementor-element elementor-element-e4c2498 elementor-widget elementor-widget-text-editor\" data-id=\"e4c2498\" data-element_type=\"widget\" data-e-type=\"widget\" data-widget_type=\"text-editor.default\">\n\t\t\t\t<div class=\"elementor-widget-container\">\n\t\t\t\t\t\t\t\t\tSobre Nosotros\t\t\t\t\t\t\t\t<\/div>\n\t\t\t\t<\/div>\n\t\t\t\t\t<\/div>\n\t\t<\/div>\n\t\t\t\t\t<\/div>\n\t\t<\/section>\n\t\t\t\t<section class=\"elementor-section elementor-top-section elementor-element elementor-element-5cc7e73 qode_elementor_container_inner elementor-section-boxed elementor-section-height-default elementor-section-height-default parallax_section_no\" data-id=\"5cc7e73\" data-element_type=\"section\" data-e-type=\"section\">\n\t\t\t\t\t\t<div class=\"elementor-container elementor-column-gap-default\">\n\t\t\t\t\t<div class=\"elementor-column elementor-col-50 elementor-top-column elementor-element elementor-element-495c6b7\" data-id=\"495c6b7\" data-element_type=\"column\" data-e-type=\"column\">\n\t\t\t<div class=\"elementor-widget-wrap elementor-element-populated\">\n\t\t\t\t\t\t<div class=\"elementor-element elementor-element-cd6d2db elementor-widget elementor-widget-bridge_video_box\" data-id=\"cd6d2db\" data-element_type=\"widget\" data-e-type=\"widget\" data-widget_type=\"bridge_video_box.default\">\n\t\t\t\t<div class=\"elementor-widget-container\">\n\t\t\t\t\t<div class=\"qode_video_box disabled_hover_overlay\">\n\t<a itemprop=\"image\" class=\"qode_video_image\" href=\"https:\/\/www.youtube.com\/watch?v=h4LqdsjZdk8\" data-rel=\"prettyPhoto\">\n\t\t\t\n\t\t\t<img decoding=\"async\" loading=\"lazy\" src=\"https:\/\/bienestar-or.org\/wp-content\/uploads\/2021\/09\/bie.jpg\" \/>\n\t\t\t<span class=\"qode_video_box_button_holder\">\n\t\t\t\t<span class=\"qode_video_box_button\">\n\t\t\t\t\t<span class=\"qode_video_box_button_arrow\">\n\t\t\t\t\t<\/span>\n\t\t\t\t<\/span>\n\t\t\t<\/span>\n\t\t\t<\/a>\n<\/div>\t\t\t\t<\/div>\n\t\t\t\t<\/div>\n\t\t\t\t\t<\/div>\n\t\t<\/div>\n\t\t\t\t<div class=\"elementor-column elementor-col-50 elementor-top-column elementor-element elementor-element-dd45d8b\" data-id=\"dd45d8b\" data-element_type=\"column\" data-e-type=\"column\">\n\t\t\t<div class=\"elementor-widget-wrap elementor-element-populated\">\n\t\t\t\t\t\t<div class=\"elementor-element elementor-element-4d38ee4 elementor-widget elementor-widget-text-editor\" data-id=\"4d38ee4\" data-element_type=\"widget\" data-e-type=\"widget\" data-widget_type=\"text-editor.default\">\n\t\t\t\t<div class=\"elementor-widget-container\">\n\t\t\t\t\t\t\t\t\t<h1>Nuestra Misi\u00f3n<\/h1>\t\t\t\t\t\t\t\t<\/div>\n\t\t\t\t<\/div>\n\t\t\t\t<div class=\"elementor-element elementor-element-229a5bb elementor-widget elementor-widget-text-editor\" data-id=\"229a5bb\" data-element_type=\"widget\" data-e-type=\"widget\" data-widget_type=\"text-editor.default\">\n\t\t\t\t<div class=\"elementor-widget-container\">\n\t\t\t\t\t\t\t\t\tBienestar construye vivienda, esperanza, y comunidad para la prosperidad de Latinos inmigrantes, y todas las familias en necesidad.\t\t\t\t\t\t\t\t<\/div>\n\t\t\t\t<\/div>\n\t\t\t\t\t<\/div>\n\t\t<\/div>\n\t\t\t\t\t<\/div>\n\t\t<\/section>\n\t\t\t\t<section class=\"elementor-section elementor-top-section elementor-element elementor-element-03e48ad qode_elementor_container_inner elementor-section-boxed elementor-section-height-default elementor-section-height-default parallax_section_no\" data-id=\"03e48ad\" data-element_type=\"section\" data-e-type=\"section\" data-settings=\"{&quot;background_background&quot;:&quot;classic&quot;}\">\n\t\t\t\t\t\t<div class=\"elementor-container elementor-column-gap-default\">\n\t\t\t\t\t<div class=\"elementor-column elementor-col-50 elementor-top-column elementor-element elementor-element-ff12e41\" data-id=\"ff12e41\" data-element_type=\"column\" data-e-type=\"column\">\n\t\t\t<div class=\"elementor-widget-wrap elementor-element-populated\">\n\t\t\t\t\t\t<div class=\"elementor-element elementor-element-f71cee1 elementor-widget elementor-widget-image\" data-id=\"f71cee1\" data-element_type=\"widget\" data-e-type=\"widget\" data-widget_type=\"image.default\">\n\t\t\t\t<div class=\"elementor-widget-container\">\n\t\t\t\t\t\t\t\t\t\t\t\t\t\t\t<img loading=\"lazy\" decoding=\"async\" loading=\"lazy\" width=\"700\" height=\"570\" src=\"https:\/\/bienestar-or.org\/wp-content\/uploads\/2021\/09\/bg1-2.jpg\" class=\"attachment-medium_large size-medium_large wp-image-6209\" alt=\"\" srcset=\"https:\/\/bienestar-or.org\/wp-content\/uploads\/2021\/09\/bg1-2.jpg 700w, https:\/\/bienestar-or.org\/wp-content\/uploads\/2021\/09\/bg1-2-300x244.jpg 300w\" sizes=\"auto, (max-width: 700px) 100vw, 700px\" \/>\t\t\t\t\t\t\t\t\t\t\t\t\t\t\t<\/div>\n\t\t\t\t<\/div>\n\t\t\t\t\t<\/div>\n\t\t<\/div>\n\t\t\t\t<div class=\"elementor-column elementor-col-50 elementor-top-column elementor-element elementor-element-cb02c78\" data-id=\"cb02c78\" data-element_type=\"column\" data-e-type=\"column\">\n\t\t\t<div class=\"elementor-widget-wrap elementor-element-populated\">\n\t\t\t\t\t\t<div class=\"elementor-element elementor-element-8730b37 elementor-widget elementor-widget-text-editor\" data-id=\"8730b37\" data-element_type=\"widget\" data-e-type=\"widget\" data-widget_type=\"text-editor.default\">\n\t\t\t\t<div class=\"elementor-widget-container\">\n\t\t\t\t\t\t\t\t\t<h1>Nuestra Historia<\/h1>\t\t\t\t\t\t\t\t<\/div>\n\t\t\t\t<\/div>\n\t\t\t\t<div class=\"elementor-element elementor-element-bc997be elementor-widget elementor-widget-text-editor\" data-id=\"bc997be\" data-element_type=\"widget\" data-e-type=\"widget\" data-widget_type=\"text-editor.default\">\n\t\t\t\t<div class=\"elementor-widget-container\">\n\t\t\t\t\t\t\t\t\t<p>Bienestar fue fundada en 1981 con la misi\u00f3n de proveer vivienda de calidad a trabajadores del campo y sus familias debido a las deficientes condiciones de vivienda en los campos migrantes.<\/p><p>\u00a0<\/p><p>Los campos migrantes eran \u201csimplemente horribles, horribles para los est\u00e1ndares de hoy\u201d, dec\u00eda H\u00e9ctor Hinojosa, co-fundador del Centro Cultural y el Centro de Salud Virginia Garc\u00eda Memorial, quien vivi\u00f3 en los campos migrantes con su familia de adolescente.<\/p><p>\u00a0<\/p><p>A finales de los 70s y principios de los 80s, voluntarios de Bienestar comenzaron a abordar la necesidad de vivienda y servicios comunitarios para Latinos. La primera comunidad construida por Bienestar en 1983 con apoyo de residentes implicados, iglesias, y organizaciones, fue Elm Park, ubicada en Forest Grove.<\/p>\t\t\t\t\t\t\t\t<\/div>\n\t\t\t\t<\/div>\n\t\t\t\t\t<\/div>\n\t\t<\/div>\n\t\t\t\t\t<\/div>\n\t\t<\/section>\n\t\t\t\t<section class=\"elementor-section elementor-top-section elementor-element elementor-element-1ef4938 qode_elementor_container_inner elementor-section-boxed elementor-section-height-default elementor-section-height-default parallax_section_no\" data-id=\"1ef4938\" data-element_type=\"section\" data-e-type=\"section\">\n\t\t\t\t\t\t<div class=\"elementor-container elementor-column-gap-default\">\n\t\t\t\t\t<div class=\"elementor-column elementor-col-50 elementor-top-column elementor-element elementor-element-912c54b\" data-id=\"912c54b\" data-element_type=\"column\" data-e-type=\"column\">\n\t\t\t<div class=\"elementor-widget-wrap elementor-element-populated\">\n\t\t\t\t\t\t<div class=\"elementor-element elementor-element-523da9b elementor-widget elementor-widget-image\" data-id=\"523da9b\" data-element_type=\"widget\" data-e-type=\"widget\" data-widget_type=\"image.default\">\n\t\t\t\t<div class=\"elementor-widget-container\">\n\t\t\t\t\t\t\t\t\t\t\t\t\t\t\t<img loading=\"lazy\" decoding=\"async\" loading=\"lazy\" width=\"768\" height=\"512\" src=\"https:\/\/bienestar-or.org\/wp-content\/uploads\/2021\/09\/Juniper-Gardens-5-768x512.jpeg\" class=\"attachment-medium_large size-medium_large wp-image-6212\" alt=\"\" srcset=\"https:\/\/bienestar-or.org\/wp-content\/uploads\/2021\/09\/Juniper-Gardens-5-768x512.jpeg 768w, https:\/\/bienestar-or.org\/wp-content\/uploads\/2021\/09\/Juniper-Gardens-5-300x200.jpeg 300w, https:\/\/bienestar-or.org\/wp-content\/uploads\/2021\/09\/Juniper-Gardens-5-1024x682.jpeg 1024w, https:\/\/bienestar-or.org\/wp-content\/uploads\/2021\/09\/Juniper-Gardens-5-1536x1024.jpeg 1536w, https:\/\/bienestar-or.org\/wp-content\/uploads\/2021\/09\/Juniper-Gardens-5-700x467.jpeg 700w, https:\/\/bienestar-or.org\/wp-content\/uploads\/2021\/09\/Juniper-Gardens-5.jpeg 2000w\" sizes=\"auto, (max-width: 768px) 100vw, 768px\" \/>\t\t\t\t\t\t\t\t\t\t\t\t\t\t\t<\/div>\n\t\t\t\t<\/div>\n\t\t\t\t\t<\/div>\n\t\t<\/div>\n\t\t\t\t<div class=\"elementor-column elementor-col-50 elementor-top-column elementor-element elementor-element-a9d8a8d\" data-id=\"a9d8a8d\" data-element_type=\"column\" data-e-type=\"column\">\n\t\t\t<div class=\"elementor-widget-wrap elementor-element-populated\">\n\t\t\t\t\t\t<div class=\"elementor-element elementor-element-78e4590 elementor-widget elementor-widget-text-editor\" data-id=\"78e4590\" data-element_type=\"widget\" data-e-type=\"widget\" data-widget_type=\"text-editor.default\">\n\t\t\t\t<div class=\"elementor-widget-container\">\n\t\t\t\t\t\t\t\t\t<h1>Nuestro Portafolio<\/h1>\t\t\t\t\t\t\t\t<\/div>\n\t\t\t\t<\/div>\n\t\t\t\t<div class=\"elementor-element elementor-element-6f1dd77 elementor-widget elementor-widget-text-editor\" data-id=\"6f1dd77\" data-element_type=\"widget\" data-e-type=\"widget\" data-widget_type=\"text-editor.default\">\n\t\t\t\t<div class=\"elementor-widget-container\">\n\t\t\t\t\t\t\t\t\t<p>Desde el desarrollo de Elm Park, Bienestar ha agregado otras trece propiedades a su portafolio, y actualmente es due\u00f1a y operadora de 14 propiedades multifamiliares econ\u00f3micas para m\u00e1s de 2500 residentes. Hoy, m\u00e1s del 95% de nuestros residentes son Latinos, y muchos son inmigrantes y\/o trabajadores del campo.<\/p>\t\t\t\t\t\t\t\t<\/div>\n\t\t\t\t<\/div>\n\t\t\t\t\t<\/div>\n\t\t<\/div>\n\t\t\t\t\t<\/div>\n\t\t<\/section>\n\t\t\t\t<section class=\"elementor-section elementor-top-section elementor-element elementor-element-834bae2 qode_elementor_container_inner elementor-section-boxed elementor-section-height-default elementor-section-height-default parallax_section_no\" data-id=\"834bae2\" data-element_type=\"section\" data-e-type=\"section\" data-settings=\"{&quot;background_background&quot;:&quot;classic&quot;}\">\n\t\t\t\t\t\t<div class=\"elementor-container elementor-column-gap-default\">\n\t\t\t\t\t<div class=\"elementor-column elementor-col-50 elementor-top-column elementor-element elementor-element-c472b7b\" data-id=\"c472b7b\" data-element_type=\"column\" data-e-type=\"column\">\n\t\t\t<div class=\"elementor-widget-wrap elementor-element-populated\">\n\t\t\t\t\t\t<div class=\"elementor-element elementor-element-a375afc elementor-widget elementor-widget-image\" data-id=\"a375afc\" data-element_type=\"widget\" data-e-type=\"widget\" data-widget_type=\"image.default\">\n\t\t\t\t<div class=\"elementor-widget-container\">\n\t\t\t\t\t\t\t\t\t\t\t\t\t\t\t<img loading=\"lazy\" decoding=\"async\" loading=\"lazy\" width=\"700\" height=\"500\" src=\"https:\/\/bienestar-or.org\/wp-content\/uploads\/2021\/09\/Montebello-Web-29.jpg\" class=\"attachment-medium_large size-medium_large wp-image-6210\" alt=\"\" srcset=\"https:\/\/bienestar-or.org\/wp-content\/uploads\/2021\/09\/Montebello-Web-29.jpg 700w, https:\/\/bienestar-or.org\/wp-content\/uploads\/2021\/09\/Montebello-Web-29-300x214.jpg 300w\" sizes=\"auto, (max-width: 700px) 100vw, 700px\" \/>\t\t\t\t\t\t\t\t\t\t\t\t\t\t\t<\/div>\n\t\t\t\t<\/div>\n\t\t\t\t\t<\/div>\n\t\t<\/div>\n\t\t\t\t<div class=\"elementor-column elementor-col-50 elementor-top-column elementor-element elementor-element-3a535cb\" data-id=\"3a535cb\" data-element_type=\"column\" data-e-type=\"column\">\n\t\t\t<div class=\"elementor-widget-wrap elementor-element-populated\">\n\t\t\t\t\t\t<div class=\"elementor-element elementor-element-11178d1 elementor-widget elementor-widget-text-editor\" data-id=\"11178d1\" data-element_type=\"widget\" data-e-type=\"widget\" data-widget_type=\"text-editor.default\">\n\t\t\t\t<div class=\"elementor-widget-container\">\n\t\t\t\t\t\t\t\t\t<h1>Porque construimos:<\/h1>\t\t\t\t\t\t\t\t<\/div>\n\t\t\t\t<\/div>\n\t\t\t\t<div class=\"elementor-element elementor-element-acb9b30 elementor-widget elementor-widget-text-editor\" data-id=\"acb9b30\" data-element_type=\"widget\" data-e-type=\"widget\" data-widget_type=\"text-editor.default\">\n\t\t\t\t<div class=\"elementor-widget-container\">\n\t\t\t\t\t\t\t\t\tCreemos que la vivienda segura, estable, y econ\u00f3mica es fundamental para el bienestar econ\u00f3mico y la reducci\u00f3n de la pobreza intergeneracional en las comunidades de color. Desafortunadamente, la crisis de vivienda econ\u00f3mica en el Condado Washington significa que las familias de bajos recursos tienen dificultades para encontrar vivienda a precios de mercado y normalmente terminan en vivienda insegura, condiciones de aglomeraci\u00f3n o se arriesgan a quedarse sin hogar.\n\t\t\t\t\t\t\t\t<\/div>\n\t\t\t\t<\/div>\n\t\t\t\t\t<\/div>\n\t\t<\/div>\n\t\t\t\t\t<\/div>\n\t\t<\/section>\n\t\t\t\t<section class=\"elementor-section elementor-top-section elementor-element elementor-element-afb8d34 qode_elementor_container_inner elementor-section-boxed elementor-section-height-default elementor-section-height-default parallax_section_no\" data-id=\"afb8d34\" data-element_type=\"section\" data-e-type=\"section\">\n\t\t\t\t\t\t<div class=\"elementor-container elementor-column-gap-default\">\n\t\t\t\t\t<div class=\"elementor-column elementor-col-50 elementor-top-column elementor-element elementor-element-bb3fa9e\" data-id=\"bb3fa9e\" data-element_type=\"column\" data-e-type=\"column\">\n\t\t\t<div class=\"elementor-widget-wrap elementor-element-populated\">\n\t\t\t\t\t\t<div class=\"elementor-element elementor-element-04ce9c4 elementor-widget elementor-widget-image\" data-id=\"04ce9c4\" data-element_type=\"widget\" data-e-type=\"widget\" data-widget_type=\"image.default\">\n\t\t\t\t<div class=\"elementor-widget-container\">\n\t\t\t\t\t\t\t\t\t\t\t\t\t\t\t<img loading=\"lazy\" decoding=\"async\" loading=\"lazy\" width=\"700\" height=\"462\" src=\"https:\/\/bienestar-or.org\/wp-content\/uploads\/2021\/09\/bg2.jpg\" class=\"attachment-medium_large size-medium_large wp-image-6211\" alt=\"\" srcset=\"https:\/\/bienestar-or.org\/wp-content\/uploads\/2021\/09\/bg2.jpg 700w, https:\/\/bienestar-or.org\/wp-content\/uploads\/2021\/09\/bg2-300x198.jpg 300w\" sizes=\"auto, (max-width: 700px) 100vw, 700px\" \/>\t\t\t\t\t\t\t\t\t\t\t\t\t\t\t<\/div>\n\t\t\t\t<\/div>\n\t\t\t\t\t<\/div>\n\t\t<\/div>\n\t\t\t\t<div class=\"elementor-column elementor-col-50 elementor-top-column elementor-element elementor-element-3a77810\" data-id=\"3a77810\" data-element_type=\"column\" data-e-type=\"column\">\n\t\t\t<div class=\"elementor-widget-wrap elementor-element-populated\">\n\t\t\t\t\t\t<div class=\"elementor-element elementor-element-0693327 elementor-widget elementor-widget-text-editor\" data-id=\"0693327\" data-element_type=\"widget\" data-e-type=\"widget\" data-widget_type=\"text-editor.default\">\n\t\t\t\t<div class=\"elementor-widget-container\">\n\t\t\t\t\t\t\t\t\t<h1>Que construimos:<\/h1>\t\t\t\t\t\t\t\t<\/div>\n\t\t\t\t<\/div>\n\t\t\t\t<div class=\"elementor-element elementor-element-12e3d25 elementor-widget elementor-widget-text-editor\" data-id=\"12e3d25\" data-element_type=\"widget\" data-e-type=\"widget\" data-widget_type=\"text-editor.default\">\n\t\t\t\t<div class=\"elementor-widget-container\">\n\t\t\t\t\t\t\t\t\tConstruimos los, dif\u00edciles de encontrar, apartamentos econ\u00f3micos de dos, tres, y cuatro habitaciones que son cruciales para familias con hijos. Con la ayuda de nuestros l\u00edderes comunitarios entrenados, Promotores, nuestras propiedades se han convertido en m\u00e1s que solo un lugar para que las familias vivan. Se han convertido en comunidades vibrantes donde las familias se sienten seguras, cuidadas, apoyadas y escuchadas &#8211; permitiendo a los residentes enfocarse en construir su futuro y lograr sus sue\u00f1os.\t\t\t\t\t\t\t\t<\/div>\n\t\t\t\t<\/div>\n\t\t\t\t\t<\/div>\n\t\t<\/div>\n\t\t\t\t\t<\/div>\n\t\t<\/section>\n\t\t\t\t<section class=\"elementor-section elementor-top-section elementor-element elementor-element-6880697 elementor-section-boxed elementor-section-height-default elementor-section-height-default parallax_section_no qode_elementor_container_no\" data-id=\"6880697\" data-element_type=\"section\" data-e-type=\"section\">\n\t\t\t\t\t\t<div class=\"elementor-container elementor-column-gap-default\">\n\t\t\t\t\t<div class=\"elementor-column elementor-col-100 elementor-top-column elementor-element elementor-element-776e488\" data-id=\"776e488\" data-element_type=\"column\" data-e-type=\"column\">\n\t\t\t<div class=\"elementor-widget-wrap elementor-element-populated\">\n\t\t\t\t\t\t<div class=\"elementor-element elementor-element-2bc6626 elementor-widget elementor-widget-spacer\" data-id=\"2bc6626\" data-element_type=\"widget\" data-e-type=\"widget\" data-widget_type=\"spacer.default\">\n\t\t\t\t<div class=\"elementor-widget-container\">\n\t\t\t\t\t\t\t<div class=\"elementor-spacer\">\n\t\t\t<div class=\"elementor-spacer-inner\"><\/div>\n\t\t<\/div>\n\t\t\t\t\t\t<\/div>\n\t\t\t\t<\/div>\n\t\t\t\t\t<\/div>\n\t\t<\/div>\n\t\t\t\t\t<\/div>\n\t\t<\/section>\n\t\t\t\t<\/div>\n\t\t","protected":false},"excerpt":{"rendered":"<p>Desde 1981Sobre NosotrosDesde 1981Sobre Nosotros Nuestra Misi\u00f3n Bienestar construye vivienda, esperanza, y comunidad para la prosperidad de Latinos inmigrantes, y todas las familias en necesidad. Nuestra Historia Bienestar fue fundada en 1981 con la misi\u00f3n de proveer vivienda de calidad a trabajadores del campo y&#8230;<\/p>\n","protected":false},"author":1,"featured_media":0,"parent":0,"menu_order":0,"comment_status":"closed","ping_status":"closed","template":"full_width.php","meta":{"nf_dc_page":"","om_disable_all_campaigns":false,"footnotes":""},"class_list":["post-6203","page","type-page","status-publish","hentry"],"_links":{"self":[{"href":"https:\/\/bienestar-or.org\/es\/wp-json\/wp\/v2\/pages\/6203","targetHints":{"allow":["GET"]}}],"collection":[{"href":"https:\/\/bienestar-or.org\/es\/wp-json\/wp\/v2\/pages"}],"about":[{"href":"https:\/\/bienestar-or.org\/es\/wp-json\/wp\/v2\/types\/page"}],"author":[{"embeddable":true,"href":"https:\/\/bienestar-or.org\/es\/wp-json\/wp\/v2\/users\/1"}],"replies":[{"embeddable":true,"href":"https:\/\/bienestar-or.org\/es\/wp-json\/wp\/v2\/comments?post=6203"}],"version-history":[{"count":5,"href":"https:\/\/bienestar-or.org\/es\/wp-json\/wp\/v2\/pages\/6203\/revisions"}],"predecessor-version":[{"id":19749,"href":"https:\/\/bienestar-or.org\/es\/wp-json\/wp\/v2\/pages\/6203\/revisions\/19749"}],"wp:attachment":[{"href":"https:\/\/bienestar-or.org\/es\/wp-json\/wp\/v2\/media?parent=6203"}],"curies":[{"name":"wp","href":"https:\/\/api.w.org\/{rel}","templated":true}]}}