{"id":11093,"date":"2022-09-08T22:42:32","date_gmt":"2022-09-08T22:42:32","guid":{"rendered":"https:\/\/bienestar-or.org\/?page_id=11093"},"modified":"2026-03-19T17:56:56","modified_gmt":"2026-03-19T17:56:56","slug":"unete-a-nuestro-equipo","status":"publish","type":"page","link":"https:\/\/bienestar-or.org\/es\/unete-a-nuestro-equipo\/","title":{"rendered":"\u00danete a Nuestro Equipo"},"content":{"rendered":"\t\t<div data-elementor-type=\"wp-page\" data-elementor-id=\"11093\" class=\"elementor elementor-11093\">\n\t\t\t\t\t\t<section class=\"elementor-section elementor-top-section elementor-element elementor-element-b5f1473 elementor-section-full_width elementor-section-height-min-height parallax_section_holder elementor-section-height-default elementor-section-items-middle qode_elementor_container_no\" data-id=\"b5f1473\" data-element_type=\"section\" data-e-type=\"section\" data-settings=\"{&quot;background_background&quot;:&quot;classic&quot;,&quot;qode_parallax_image&quot;:{&quot;url&quot;:&quot;&quot;,&quot;id&quot;:&quot;&quot;,&quot;size&quot;:&quot;&quot;}}\">\n\t\t\t\t\t\t\t<div class=\"elementor-background-overlay\"><\/div>\n\t\t\t\t\t\t\t<div class=\"elementor-container elementor-column-gap-default\">\n\t\t\t\t\t<div class=\"elementor-column elementor-col-100 elementor-top-column elementor-element elementor-element-4c76cc1\" data-id=\"4c76cc1\" data-element_type=\"column\" data-e-type=\"column\">\n\t\t\t<div class=\"elementor-widget-wrap elementor-element-populated\">\n\t\t\t\t\t\t<div class=\"elementor-element elementor-element-5307575 elementor-widget elementor-widget-text-editor\" data-id=\"5307575\" data-element_type=\"widget\" data-e-type=\"widget\" data-widget_type=\"text-editor.default\">\n\t\t\t\t<div class=\"elementor-widget-container\">\n\t\t\t\t\t\t\t\t\t\u00danete a Nuestro Equipo\t\t\t\t\t\t\t\t<\/div>\n\t\t\t\t<\/div>\n\t\t\t\t\t<\/div>\n\t\t<\/div>\n\t\t\t\t\t<\/div>\n\t\t<\/section>\n\t\t\t\t<section class=\"elementor-section elementor-top-section elementor-element elementor-element-16b47d6 elementor-section-boxed elementor-section-height-default elementor-section-height-default parallax_section_no qode_elementor_container_no\" data-id=\"16b47d6\" data-element_type=\"section\" data-e-type=\"section\">\n\t\t\t\t\t\t<div class=\"elementor-container elementor-column-gap-default\">\n\t\t\t\t\t<div class=\"elementor-column elementor-col-100 elementor-top-column elementor-element elementor-element-565f8ec\" data-id=\"565f8ec\" data-element_type=\"column\" data-e-type=\"column\">\n\t\t\t<div class=\"elementor-widget-wrap elementor-element-populated\">\n\t\t\t\t\t\t<div class=\"elementor-element elementor-element-7b5e639 elementor-widget elementor-widget-spacer\" data-id=\"7b5e639\" data-element_type=\"widget\" data-e-type=\"widget\" data-widget_type=\"spacer.default\">\n\t\t\t\t<div class=\"elementor-widget-container\">\n\t\t\t\t\t\t\t<div class=\"elementor-spacer\">\n\t\t\t<div class=\"elementor-spacer-inner\"><\/div>\n\t\t<\/div>\n\t\t\t\t\t\t<\/div>\n\t\t\t\t<\/div>\n\t\t\t\t<div class=\"elementor-element elementor-element-609871c elementor-widget elementor-widget-text-editor\" data-id=\"609871c\" data-element_type=\"widget\" data-e-type=\"widget\" data-widget_type=\"text-editor.default\">\n\t\t\t\t<div class=\"elementor-widget-container\">\n\t\t\t\t\t\t\t\t\t<p><strong>Bienestar ha adoptado la innovaci\u00f3n, profundizado nuestras ra\u00edces en nuestra comunidad e incrementado nuestro impacto.<\/strong> Con nuevos proyectos en nuestro canal de desarrollo de vivienda y las oportunidades abundando, Bienestar est\u00e1 listo para convertirse en la principal ONG de desarrollo comunitario sirviendo a Latinos e inmigrantes en el Condado Washington.<\/p><h5>\u00a0<\/h5><h5>!Estamos en un viaje fren\u00e9tico y excitante &#8211; \u00fanete a nosotros! O suscr\u00edbete a nuestro bolet\u00edn informativo para recibir notificaciones acerca de cualquiera de nuestras ofertas de trabajo.<\/h5>\t\t\t\t\t\t\t\t<\/div>\n\t\t\t\t<\/div>\n\t\t\t\t<div class=\"elementor-element elementor-element-7d46364 elementor-widget elementor-widget-bridge_button\" data-id=\"7d46364\" data-element_type=\"widget\" data-e-type=\"widget\" data-widget_type=\"bridge_button.default\">\n\t\t\t\t<div class=\"elementor-widget-container\">\n\t\t\t\t\t<a  itemprop=\"url\" href=\"\/#subscribe\" target=\"_self\" data-hover-background-color='#E86624' data-hover-border-color='#E86624'  class=\"qbutton  center default\" style=\"border-color: #13A3B4; background-color: #13A3B4;\">Reg\u00edstrate<\/a>\t\t\t\t<\/div>\n\t\t\t\t<\/div>\n\t\t\t\t<div class=\"elementor-element elementor-element-c22cd42 elementor-widget elementor-widget-spacer\" data-id=\"c22cd42\" data-element_type=\"widget\" data-e-type=\"widget\" data-widget_type=\"spacer.default\">\n\t\t\t\t<div class=\"elementor-widget-container\">\n\t\t\t\t\t\t\t<div class=\"elementor-spacer\">\n\t\t\t<div class=\"elementor-spacer-inner\"><\/div>\n\t\t<\/div>\n\t\t\t\t\t\t<\/div>\n\t\t\t\t<\/div>\n\t\t\t\t\t<\/div>\n\t\t<\/div>\n\t\t\t\t\t<\/div>\n\t\t<\/section>\n\t\t\t\t<section class=\"elementor-section elementor-top-section elementor-element elementor-element-dfb27b7 elementor-section-boxed elementor-section-height-default elementor-section-height-default parallax_section_no qode_elementor_container_no\" data-id=\"dfb27b7\" data-element_type=\"section\" data-e-type=\"section\">\n\t\t\t\t\t\t<div class=\"elementor-container elementor-column-gap-default\">\n\t\t\t\t\t<div class=\"elementor-column elementor-col-33 elementor-top-column elementor-element elementor-element-b28ace5\" data-id=\"b28ace5\" data-element_type=\"column\" data-e-type=\"column\">\n\t\t\t<div class=\"elementor-widget-wrap elementor-element-populated\">\n\t\t\t\t\t\t<div class=\"elementor-element elementor-element-ee59015 elementor-widget elementor-widget-image\" data-id=\"ee59015\" data-element_type=\"widget\" data-e-type=\"widget\" data-widget_type=\"image.default\">\n\t\t\t\t<div class=\"elementor-widget-container\">\n\t\t\t\t\t\t\t\t\t\t\t\t\t\t\t<img loading=\"lazy\" decoding=\"async\" loading=\"lazy\" width=\"570\" height=\"570\" src=\"https:\/\/bienestar-or.org\/wp-content\/uploads\/2022\/09\/Website-image-1.png\" class=\"attachment-medium_large size-medium_large wp-image-10975\" alt=\"\" srcset=\"https:\/\/bienestar-or.org\/wp-content\/uploads\/2022\/09\/Website-image-1.png 570w, https:\/\/bienestar-or.org\/wp-content\/uploads\/2022\/09\/Website-image-1-300x300.png 300w, https:\/\/bienestar-or.org\/wp-content\/uploads\/2022\/09\/Website-image-1-150x150.png 150w, https:\/\/bienestar-or.org\/wp-content\/uploads\/2022\/09\/Website-image-1-500x500.png 500w\" sizes=\"auto, (max-width: 570px) 100vw, 570px\" \/>\t\t\t\t\t\t\t\t\t\t\t\t\t\t\t<\/div>\n\t\t\t\t<\/div>\n\t\t\t\t\t<\/div>\n\t\t<\/div>\n\t\t\t\t<div class=\"elementor-column elementor-col-33 elementor-top-column elementor-element elementor-element-2b6f708\" data-id=\"2b6f708\" data-element_type=\"column\" data-e-type=\"column\">\n\t\t\t<div class=\"elementor-widget-wrap elementor-element-populated\">\n\t\t\t\t\t\t<div class=\"elementor-element elementor-element-c70e321 elementor-widget elementor-widget-image\" data-id=\"c70e321\" data-element_type=\"widget\" data-e-type=\"widget\" data-widget_type=\"image.default\">\n\t\t\t\t<div class=\"elementor-widget-container\">\n\t\t\t\t\t\t\t\t\t\t\t\t\t\t\t<img loading=\"lazy\" decoding=\"async\" loading=\"lazy\" width=\"570\" height=\"570\" src=\"https:\/\/bienestar-or.org\/wp-content\/uploads\/2022\/01\/images-Copy-570x570.jpg\" class=\"attachment-portfolio-square size-portfolio-square wp-image-7454\" alt=\"\" srcset=\"https:\/\/bienestar-or.org\/wp-content\/uploads\/2022\/01\/images-Copy-570x570.jpg 570w, https:\/\/bienestar-or.org\/wp-content\/uploads\/2022\/01\/images-Copy-150x150.jpg 150w, https:\/\/bienestar-or.org\/wp-content\/uploads\/2022\/01\/images-Copy-500x500.jpg 500w, https:\/\/bienestar-or.org\/wp-content\/uploads\/2022\/01\/images-Copy-1000x1000.jpg 1000w\" sizes=\"auto, (max-width: 570px) 100vw, 570px\" \/>\t\t\t\t\t\t\t\t\t\t\t\t\t\t\t<\/div>\n\t\t\t\t<\/div>\n\t\t\t\t\t<\/div>\n\t\t<\/div>\n\t\t\t\t<div class=\"elementor-column elementor-col-33 elementor-top-column elementor-element elementor-element-192ddf0\" data-id=\"192ddf0\" data-element_type=\"column\" data-e-type=\"column\">\n\t\t\t<div class=\"elementor-widget-wrap elementor-element-populated\">\n\t\t\t\t\t\t<div class=\"elementor-element elementor-element-af59b3c elementor-widget elementor-widget-image\" data-id=\"af59b3c\" data-element_type=\"widget\" data-e-type=\"widget\" data-widget_type=\"image.default\">\n\t\t\t\t<div class=\"elementor-widget-container\">\n\t\t\t\t\t\t\t\t\t\t\t\t\t\t\t<img loading=\"lazy\" decoding=\"async\" loading=\"lazy\" width=\"700\" height=\"700\" src=\"https:\/\/bienestar-or.org\/wp-content\/uploads\/2021\/09\/Photo-Dec-17-11-17-49-AM-1.jpg\" class=\"attachment-medium_large size-medium_large wp-image-6263\" alt=\"\" srcset=\"https:\/\/bienestar-or.org\/wp-content\/uploads\/2021\/09\/Photo-Dec-17-11-17-49-AM-1.jpg 700w, https:\/\/bienestar-or.org\/wp-content\/uploads\/2021\/09\/Photo-Dec-17-11-17-49-AM-1-300x300.jpg 300w, https:\/\/bienestar-or.org\/wp-content\/uploads\/2021\/09\/Photo-Dec-17-11-17-49-AM-1-150x150.jpg 150w, https:\/\/bienestar-or.org\/wp-content\/uploads\/2021\/09\/Photo-Dec-17-11-17-49-AM-1-570x570.jpg 570w, https:\/\/bienestar-or.org\/wp-content\/uploads\/2021\/09\/Photo-Dec-17-11-17-49-AM-1-500x500.jpg 500w\" sizes=\"auto, (max-width: 700px) 100vw, 700px\" \/>\t\t\t\t\t\t\t\t\t\t\t\t\t\t\t<\/div>\n\t\t\t\t<\/div>\n\t\t\t\t\t<\/div>\n\t\t<\/div>\n\t\t\t\t\t<\/div>\n\t\t<\/section>\n\t\t\t\t<section class=\"elementor-section elementor-top-section elementor-element elementor-element-5d07df4 elementor-section-boxed elementor-section-height-default elementor-section-height-default parallax_section_no qode_elementor_container_no\" data-id=\"5d07df4\" data-element_type=\"section\" data-e-type=\"section\">\n\t\t\t\t\t\t<div class=\"elementor-container elementor-column-gap-default\">\n\t\t\t\t\t<div class=\"elementor-column elementor-col-100 elementor-top-column elementor-element elementor-element-049163c\" data-id=\"049163c\" data-element_type=\"column\" data-e-type=\"column\">\n\t\t\t<div class=\"elementor-widget-wrap elementor-element-populated\">\n\t\t\t\t\t\t<div class=\"elementor-element elementor-element-f689ef5 elementor-widget elementor-widget-spacer\" data-id=\"f689ef5\" data-element_type=\"widget\" data-e-type=\"widget\" data-widget_type=\"spacer.default\">\n\t\t\t\t<div class=\"elementor-widget-container\">\n\t\t\t\t\t\t\t<div class=\"elementor-spacer\">\n\t\t\t<div class=\"elementor-spacer-inner\"><\/div>\n\t\t<\/div>\n\t\t\t\t\t\t<\/div>\n\t\t\t\t<\/div>\n\t\t\t\t<div class=\"elementor-element elementor-element-5d221c0 elementor-widget elementor-widget-text-editor\" data-id=\"5d221c0\" data-element_type=\"widget\" data-e-type=\"widget\" data-widget_type=\"text-editor.default\">\n\t\t\t\t<div class=\"elementor-widget-container\">\n\t\t\t\t\t\t\t\t\t<h4>Posiciones Abiertas<\/h4>\t\t\t\t\t\t\t\t<\/div>\n\t\t\t\t<\/div>\n\t\t\t\t<div class=\"elementor-element elementor-element-370140d elementor-widget elementor-widget-text-editor\" data-id=\"370140d\" data-element_type=\"widget\" data-e-type=\"widget\" data-widget_type=\"text-editor.default\">\n\t\t\t\t<div class=\"elementor-widget-container\">\n\t\t\t\t\t\t\t\t\t<div class=\"WcX30iM3\"><div class=\"G_Ntsrad\"><span class=\"MN4WKQIy WuEF0msn\">Coordinador de Defensa Comunitaria <\/span>&#8211; <a href=\"https:\/\/bienestar-or.org\/wp-content\/uploads\/2026\/03\/Community-Defense-Coordinator-2026.pdf\"><span style=\"text-decoration: underline;\"><strong>APLICA AHORA<\/strong><\/span><\/a><\/div><\/div>\t\t\t\t\t\t\t\t<\/div>\n\t\t\t\t<\/div>\n\t\t\t\t<div class=\"elementor-element elementor-element-59acf3f elementor-widget elementor-widget-spacer\" data-id=\"59acf3f\" data-element_type=\"widget\" data-e-type=\"widget\" data-widget_type=\"spacer.default\">\n\t\t\t\t<div class=\"elementor-widget-container\">\n\t\t\t\t\t\t\t<div class=\"elementor-spacer\">\n\t\t\t<div class=\"elementor-spacer-inner\"><\/div>\n\t\t<\/div>\n\t\t\t\t\t\t<\/div>\n\t\t\t\t<\/div>\n\t\t\t\t\t<\/div>\n\t\t<\/div>\n\t\t\t\t\t<\/div>\n\t\t<\/section>\n\t\t\t\t<section class=\"elementor-section elementor-top-section elementor-element elementor-element-b61abed elementor-section-boxed elementor-section-height-default elementor-section-height-default parallax_section_no qode_elementor_container_no\" data-id=\"b61abed\" data-element_type=\"section\" data-e-type=\"section\">\n\t\t\t\t\t\t<div class=\"elementor-container elementor-column-gap-default\">\n\t\t\t\t\t<div class=\"elementor-column elementor-col-100 elementor-top-column elementor-element elementor-element-729fa68\" data-id=\"729fa68\" data-element_type=\"column\" data-e-type=\"column\">\n\t\t\t<div class=\"elementor-widget-wrap elementor-element-populated\">\n\t\t\t\t\t\t<div class=\"elementor-element elementor-element-1aa504c elementor-widget elementor-widget-text-editor\" data-id=\"1aa504c\" data-element_type=\"widget\" data-e-type=\"widget\" data-widget_type=\"text-editor.default\">\n\t\t\t\t<div class=\"elementor-widget-container\">\n\t\t\t\t\t\t\t\t\t<h4>Beneficios<\/h4>\t\t\t\t\t\t\t\t<\/div>\n\t\t\t\t<\/div>\n\t\t\t\t<div class=\"elementor-element elementor-element-0b8f663 elementor-widget elementor-widget-text-editor\" data-id=\"0b8f663\" data-element_type=\"widget\" data-e-type=\"widget\" data-widget_type=\"text-editor.default\">\n\t\t\t\t<div class=\"elementor-widget-container\">\n\t\t\t\t\t\t\t\t\t<p>Ofrecemos seguro m\u00e9dico, tiempo de vacaciones, permiso por enfermedad, dos d\u00edas personales pagados, un plan SIMPLE IRA (Plan de Incentivo para Ahorros con Aportaciones para Empleados) y d\u00edas festivos pagados.<\/p>\t\t\t\t\t\t\t\t<\/div>\n\t\t\t\t<\/div>\n\t\t\t\t<div class=\"elementor-element elementor-element-ab6bab7 elementor-widget elementor-widget-spacer\" data-id=\"ab6bab7\" data-element_type=\"widget\" data-e-type=\"widget\" data-widget_type=\"spacer.default\">\n\t\t\t\t<div class=\"elementor-widget-container\">\n\t\t\t\t\t\t\t<div class=\"elementor-spacer\">\n\t\t\t<div class=\"elementor-spacer-inner\"><\/div>\n\t\t<\/div>\n\t\t\t\t\t\t<\/div>\n\t\t\t\t<\/div>\n\t\t\t\t\t<\/div>\n\t\t<\/div>\n\t\t\t\t\t<\/div>\n\t\t<\/section>\n\t\t\t\t<section class=\"elementor-section elementor-top-section elementor-element elementor-element-4aaa4c4 elementor-section-boxed elementor-section-height-default elementor-section-height-default parallax_section_no qode_elementor_container_no\" data-id=\"4aaa4c4\" data-element_type=\"section\" data-e-type=\"section\">\n\t\t\t\t\t\t<div class=\"elementor-container elementor-column-gap-default\">\n\t\t\t\t\t<div class=\"elementor-column elementor-col-100 elementor-top-column elementor-element elementor-element-fda240e\" data-id=\"fda240e\" data-element_type=\"column\" data-e-type=\"column\">\n\t\t\t<div class=\"elementor-widget-wrap elementor-element-populated\">\n\t\t\t\t\t\t<div class=\"elementor-element elementor-element-432e01e elementor-widget elementor-widget-text-editor\" data-id=\"432e01e\" data-element_type=\"widget\" data-e-type=\"widget\" data-widget_type=\"text-editor.default\">\n\t\t\t\t<div class=\"elementor-widget-container\">\n\t\t\t\t\t\t\t\t\t<h4>Oportunidad de Empleo Igualitario <\/h4>\t\t\t\t\t\t\t\t<\/div>\n\t\t\t\t<\/div>\n\t\t\t\t<div class=\"elementor-element elementor-element-71e2d19 elementor-widget elementor-widget-text-editor\" data-id=\"71e2d19\" data-element_type=\"widget\" data-e-type=\"widget\" data-widget_type=\"text-editor.default\">\n\t\t\t\t<div class=\"elementor-widget-container\">\n\t\t\t\t\t\t\t\t\tDesde su fundaci\u00f3n, Bienestar ha sido y contin\u00faa siendo un empleador de oportunidad igualitaria. Bienestar hace un esfuerzo por mantener un ambiente de trabajo libre de toda forma de discriminicaci\u00f3n laboral il\u00edcita. Las decisiones de empleo (incluyendo decisiones de reclutamiento, contrataci\u00f3n, promoci\u00f3n, asignaci\u00f3n, entrenamiento, despido, y otros t\u00e9rminos y condiciones de empleo) son hechos independientemente de raza, color, origen nacional, ascendencia, sexo, orientaci\u00f3n sexual, identidad o expresi\u00f3n de g\u00e9nero, religi\u00f3n, credo, edad, embarazo, dishabilidad mental o f\u00edsica, lesiones laborales, estatus de cobertura de veteranos, ideolog\u00eda pol\u00edtica, informaci\u00f3n gen\u00e9tica, estatus marital, estatus de ciudadan\u00eda, o cualquier otro factor que la ley proteja de discriminaci\u00f3n de empleo.\t\t\t\t\t\t\t\t<\/div>\n\t\t\t\t<\/div>\n\t\t\t\t\t<\/div>\n\t\t<\/div>\n\t\t\t\t\t<\/div>\n\t\t<\/section>\n\t\t\t\t<section class=\"elementor-section elementor-top-section elementor-element elementor-element-05133f5 elementor-section-boxed elementor-section-height-default elementor-section-height-default parallax_section_no qode_elementor_container_no\" data-id=\"05133f5\" data-element_type=\"section\" data-e-type=\"section\">\n\t\t\t\t\t\t<div class=\"elementor-container elementor-column-gap-default\">\n\t\t\t\t\t<div class=\"elementor-column elementor-col-100 elementor-top-column elementor-element elementor-element-c38da51\" data-id=\"c38da51\" data-element_type=\"column\" data-e-type=\"column\">\n\t\t\t<div class=\"elementor-widget-wrap elementor-element-populated\">\n\t\t\t\t\t\t<div class=\"elementor-element elementor-element-c933501 elementor-widget elementor-widget-spacer\" data-id=\"c933501\" data-element_type=\"widget\" data-e-type=\"widget\" data-widget_type=\"spacer.default\">\n\t\t\t\t<div class=\"elementor-widget-container\">\n\t\t\t\t\t\t\t<div class=\"elementor-spacer\">\n\t\t\t<div class=\"elementor-spacer-inner\"><\/div>\n\t\t<\/div>\n\t\t\t\t\t\t<\/div>\n\t\t\t\t<\/div>\n\t\t\t\t\t<\/div>\n\t\t<\/div>\n\t\t\t\t\t<\/div>\n\t\t<\/section>\n\t\t\t\t<\/div>\n\t\t","protected":false},"excerpt":{"rendered":"<p>\u00danete a Nuestro Equipo Bienestar ha adoptado la innovaci\u00f3n, profundizado nuestras ra\u00edces en nuestra comunidad e incrementado nuestro impacto. Con nuevos proyectos en nuestro canal de desarrollo de vivienda y las oportunidades abundando, Bienestar est\u00e1 listo para convertirse en la principal ONG de desarrollo comunitario&#8230;<\/p>\n","protected":false},"author":7,"featured_media":0,"parent":0,"menu_order":0,"comment_status":"closed","ping_status":"closed","template":"full_width.php","meta":{"nf_dc_page":"","om_disable_all_campaigns":false,"footnotes":""},"class_list":["post-11093","page","type-page","status-publish","hentry"],"_links":{"self":[{"href":"https:\/\/bienestar-or.org\/es\/wp-json\/wp\/v2\/pages\/11093","targetHints":{"allow":["GET"]}}],"collection":[{"href":"https:\/\/bienestar-or.org\/es\/wp-json\/wp\/v2\/pages"}],"about":[{"href":"https:\/\/bienestar-or.org\/es\/wp-json\/wp\/v2\/types\/page"}],"author":[{"embeddable":true,"href":"https:\/\/bienestar-or.org\/es\/wp-json\/wp\/v2\/users\/7"}],"replies":[{"embeddable":true,"href":"https:\/\/bienestar-or.org\/es\/wp-json\/wp\/v2\/comments?post=11093"}],"version-history":[{"count":5,"href":"https:\/\/bienestar-or.org\/es\/wp-json\/wp\/v2\/pages\/11093\/revisions"}],"predecessor-version":[{"id":26579,"href":"https:\/\/bienestar-or.org\/es\/wp-json\/wp\/v2\/pages\/11093\/revisions\/26579"}],"wp:attachment":[{"href":"https:\/\/bienestar-or.org\/es\/wp-json\/wp\/v2\/media?parent=11093"}],"curies":[{"name":"wp","href":"https:\/\/api.w.org\/{rel}","templated":true}]}}