{"id":11087,"date":"2022-09-08T22:29:12","date_gmt":"2022-09-08T22:29:12","guid":{"rendered":"https:\/\/bienestar-or.org\/vivienda\/nueva-esperanza\/"},"modified":"2024-08-08T22:09:20","modified_gmt":"2024-08-08T22:09:20","slug":"nueva-esperanza","status":"publish","type":"page","link":"https:\/\/bienestar-or.org\/es\/vivienda\/nueva-esperanza\/","title":{"rendered":"Nueva Esperanza"},"content":{"rendered":"\t\t<div data-elementor-type=\"wp-page\" data-elementor-id=\"11087\" class=\"elementor elementor-11087 elementor-507\">\n\t\t\t\t\t\t<section class=\"elementor-section elementor-top-section elementor-element elementor-element-f4dbf54 elementor-section-full_width elementor-section-height-min-height elementor-section-height-default elementor-section-items-middle parallax_section_no qode_elementor_container_no\" data-id=\"f4dbf54\" data-element_type=\"section\" data-e-type=\"section\" data-settings=\"{&quot;background_background&quot;:&quot;classic&quot;}\">\n\t\t\t\t\t\t\t<div class=\"elementor-background-overlay\"><\/div>\n\t\t\t\t\t\t\t<div class=\"elementor-container elementor-column-gap-default\">\n\t\t\t\t\t<div class=\"elementor-column elementor-col-100 elementor-top-column elementor-element elementor-element-42a1c12\" data-id=\"42a1c12\" data-element_type=\"column\" data-e-type=\"column\">\n\t\t\t<div class=\"elementor-widget-wrap elementor-element-populated\">\n\t\t\t\t\t\t<div class=\"elementor-element elementor-element-5eb4c3d elementor-widget elementor-widget-text-editor\" data-id=\"5eb4c3d\" data-element_type=\"widget\" data-e-type=\"widget\" data-widget_type=\"text-editor.default\">\n\t\t\t\t<div class=\"elementor-widget-container\">\n\t\t\t\t\t\t\t\t\tNueva Esperanza\t\t\t\t\t\t\t\t<\/div>\n\t\t\t\t<\/div>\n\t\t\t\t\t<\/div>\n\t\t<\/div>\n\t\t\t\t\t<\/div>\n\t\t<\/section>\n\t\t\t\t<section class=\"elementor-section elementor-top-section elementor-element elementor-element-710cd8f qode_elementor_container_inner elementor-section-boxed elementor-section-height-default elementor-section-height-default parallax_section_no\" data-id=\"710cd8f\" data-element_type=\"section\" data-e-type=\"section\">\n\t\t\t\t\t\t<div class=\"elementor-container elementor-column-gap-default\">\n\t\t\t\t\t<div class=\"elementor-column elementor-col-50 elementor-top-column elementor-element elementor-element-3af7c15\" data-id=\"3af7c15\" data-element_type=\"column\" data-e-type=\"column\">\n\t\t\t<div class=\"elementor-widget-wrap elementor-element-populated\">\n\t\t\t\t\t\t<div class=\"elementor-element elementor-element-565aea3 elementor-widget elementor-widget-image\" data-id=\"565aea3\" data-element_type=\"widget\" data-e-type=\"widget\" data-widget_type=\"image.default\">\n\t\t\t\t<div class=\"elementor-widget-container\">\n\t\t\t\t\t\t\t\t\t\t\t\t\t\t\t<img loading=\"lazy\" decoding=\"async\" loading=\"lazy\" width=\"768\" height=\"768\" src=\"https:\/\/bienestar-or.org\/wp-content\/uploads\/2024\/08\/una-noche-square-resize-18-768x768.png\" class=\"attachment-medium_large size-medium_large wp-image-18339\" alt=\"\" srcset=\"https:\/\/bienestar-or.org\/wp-content\/uploads\/2024\/08\/una-noche-square-resize-18-768x768.png 768w, https:\/\/bienestar-or.org\/wp-content\/uploads\/2024\/08\/una-noche-square-resize-18-300x300.png 300w, https:\/\/bienestar-or.org\/wp-content\/uploads\/2024\/08\/una-noche-square-resize-18-1024x1024.png 1024w, https:\/\/bienestar-or.org\/wp-content\/uploads\/2024\/08\/una-noche-square-resize-18-150x150.png 150w, https:\/\/bienestar-or.org\/wp-content\/uploads\/2024\/08\/una-noche-square-resize-18-570x570.png 570w, https:\/\/bienestar-or.org\/wp-content\/uploads\/2024\/08\/una-noche-square-resize-18-500x500.png 500w, https:\/\/bienestar-or.org\/wp-content\/uploads\/2024\/08\/una-noche-square-resize-18-1000x1000.png 1000w, https:\/\/bienestar-or.org\/wp-content\/uploads\/2024\/08\/una-noche-square-resize-18-700x700.png 700w, https:\/\/bienestar-or.org\/wp-content\/uploads\/2024\/08\/una-noche-square-resize-18-650x650.png 650w, https:\/\/bienestar-or.org\/wp-content\/uploads\/2024\/08\/una-noche-square-resize-18.png 1080w\" sizes=\"auto, (max-width: 768px) 100vw, 768px\" \/>\t\t\t\t\t\t\t\t\t\t\t\t\t\t\t<\/div>\n\t\t\t\t<\/div>\n\t\t\t\t\t<\/div>\n\t\t<\/div>\n\t\t\t\t<div class=\"elementor-column elementor-col-50 elementor-top-column elementor-element elementor-element-16805ef\" data-id=\"16805ef\" data-element_type=\"column\" data-e-type=\"column\">\n\t\t\t<div class=\"elementor-widget-wrap elementor-element-populated\">\n\t\t\t\t\t\t<div class=\"elementor-element elementor-element-80b4969 elementor-widget elementor-widget-text-editor\" data-id=\"80b4969\" data-element_type=\"widget\" data-e-type=\"widget\" data-widget_type=\"text-editor.default\">\n\t\t\t\t<div class=\"elementor-widget-container\">\n\t\t\t\t\t\t\t\t\t<p>En colaboraci\u00f3n con el Centro de Desarrollo de Vivienda (HDC), el conjunto de vivienda econ\u00f3mica de 150 unidades, Nueva Esperanza, en Hillsboro, ya ha sido completado. El complejo cuenta con \u00e1reas verdes, una sala com\u00fan, y un dise\u00f1o de construcci\u00f3n influenciado por los residentes de la comunidad, incluyendo inmigrantes latinos y somal\u00edes.<\/p><p>\u00a0<\/p><p>Inspirada en la historia rural de Hillsboro y en la falta de vivienda econ\u00f3mica que muchos latinos han experimentado en el pasado, Nueva Esperanza ahora brinda un &#8220;new hope&#8221; para familias inmigrantes y todos los que vienen a Hillsboro a trabajar y construir un futuro mejor.<\/p>\t\t\t\t\t\t\t\t<\/div>\n\t\t\t\t<\/div>\n\t\t\t\t\t<\/div>\n\t\t<\/div>\n\t\t\t\t\t<\/div>\n\t\t<\/section>\n\t\t\t\t<section class=\"elementor-section elementor-top-section elementor-element elementor-element-c5c12de elementor-section-boxed elementor-section-height-default elementor-section-height-default parallax_section_no qode_elementor_container_no\" data-id=\"c5c12de\" data-element_type=\"section\" data-e-type=\"section\">\n\t\t\t\t\t\t<div class=\"elementor-container elementor-column-gap-default\">\n\t\t\t\t\t<div class=\"elementor-column elementor-col-33 elementor-top-column elementor-element elementor-element-4ca3846\" data-id=\"4ca3846\" data-element_type=\"column\" data-e-type=\"column\">\n\t\t\t<div class=\"elementor-widget-wrap elementor-element-populated\">\n\t\t\t\t\t\t<div class=\"elementor-element elementor-element-f382fcf elementor-widget elementor-widget-image\" data-id=\"f382fcf\" data-element_type=\"widget\" data-e-type=\"widget\" data-widget_type=\"image.default\">\n\t\t\t\t<div class=\"elementor-widget-container\">\n\t\t\t\t\t\t\t\t\t\t\t\t\t\t\t\t<a href=\"https:\/\/bienestar-or.org\/wp-content\/uploads\/2021\/11\/Nueva-Esperanza-land.jpg\" data-elementor-open-lightbox=\"yes\" data-elementor-lightbox-title=\"Terreno de Nueva Esperanza\" data-e-action-hash=\"#elementor-action%3Aaction%3Dlightbox%26settings%3DeyJpZCI6NzE0NSwidXJsIjoiaHR0cHM6XC9cL2JpZW5lc3Rhci1vci5vcmdcL3dwLWNvbnRlbnRcL3VwbG9hZHNcLzIwMjFcLzExXC9OdWV2YS1Fc3BlcmFuemEtbGFuZC5qcGcifQ%3D%3D\">\n\t\t\t\t\t\t\t<img loading=\"lazy\" decoding=\"async\" loading=\"lazy\" width=\"768\" height=\"436\" src=\"https:\/\/bienestar-or.org\/wp-content\/uploads\/2021\/11\/Nueva-Esperanza-land-768x436.jpg\" class=\"attachment-medium_large size-medium_large wp-image-7145\" alt=\"\" srcset=\"https:\/\/bienestar-or.org\/wp-content\/uploads\/2021\/11\/Nueva-Esperanza-land-768x436.jpg 768w, https:\/\/bienestar-or.org\/wp-content\/uploads\/2021\/11\/Nueva-Esperanza-land-300x170.jpg 300w, https:\/\/bienestar-or.org\/wp-content\/uploads\/2021\/11\/Nueva-Esperanza-land-1024x581.jpg 1024w, https:\/\/bienestar-or.org\/wp-content\/uploads\/2021\/11\/Nueva-Esperanza-land-700x397.jpg 700w, https:\/\/bienestar-or.org\/wp-content\/uploads\/2021\/11\/Nueva-Esperanza-land.jpg 1176w\" sizes=\"auto, (max-width: 768px) 100vw, 768px\" \/>\t\t\t\t\t\t\t\t<\/a>\n\t\t\t\t\t\t\t\t\t\t\t\t\t\t\t<\/div>\n\t\t\t\t<\/div>\n\t\t\t\t\t<\/div>\n\t\t<\/div>\n\t\t\t\t<div class=\"elementor-column elementor-col-33 elementor-top-column elementor-element elementor-element-32ca2d1\" data-id=\"32ca2d1\" data-element_type=\"column\" data-e-type=\"column\">\n\t\t\t<div class=\"elementor-widget-wrap elementor-element-populated\">\n\t\t\t\t\t\t<div class=\"elementor-element elementor-element-90d1fea elementor-widget elementor-widget-image\" data-id=\"90d1fea\" data-element_type=\"widget\" data-e-type=\"widget\" data-widget_type=\"image.default\">\n\t\t\t\t<div class=\"elementor-widget-container\">\n\t\t\t\t\t\t\t\t\t\t\t\t\t\t\t\t<a href=\"https:\/\/bienestar-or.org\/wp-content\/uploads\/2021\/11\/Nueva-Esperanza-image-2.jpg\" data-elementor-open-lightbox=\"yes\" data-elementor-lightbox-title=\"Sala comunitaria de Nueva Esperanza\" data-e-action-hash=\"#elementor-action%3Aaction%3Dlightbox%26settings%3DeyJpZCI6NzE0MSwidXJsIjoiaHR0cHM6XC9cL2JpZW5lc3Rhci1vci5vcmdcL3dwLWNvbnRlbnRcL3VwbG9hZHNcLzIwMjFcLzExXC9OdWV2YS1Fc3BlcmFuemEtaW1hZ2UtMi5qcGcifQ%3D%3D\">\n\t\t\t\t\t\t\t<img loading=\"lazy\" decoding=\"async\" loading=\"lazy\" width=\"768\" height=\"432\" src=\"https:\/\/bienestar-or.org\/wp-content\/uploads\/2021\/11\/Nueva-Esperanza-image-2-768x432.jpg\" class=\"attachment-medium_large size-medium_large wp-image-7141\" alt=\"\" srcset=\"https:\/\/bienestar-or.org\/wp-content\/uploads\/2021\/11\/Nueva-Esperanza-image-2-768x432.jpg 768w, https:\/\/bienestar-or.org\/wp-content\/uploads\/2021\/11\/Nueva-Esperanza-image-2-300x169.jpg 300w, https:\/\/bienestar-or.org\/wp-content\/uploads\/2021\/11\/Nueva-Esperanza-image-2-700x394.jpg 700w, https:\/\/bienestar-or.org\/wp-content\/uploads\/2021\/11\/Nueva-Esperanza-image-2-539x303.jpg 539w, https:\/\/bienestar-or.org\/wp-content\/uploads\/2021\/11\/Nueva-Esperanza-image-2.jpg 922w\" sizes=\"auto, (max-width: 768px) 100vw, 768px\" \/>\t\t\t\t\t\t\t\t<\/a>\n\t\t\t\t\t\t\t\t\t\t\t\t\t\t\t<\/div>\n\t\t\t\t<\/div>\n\t\t\t\t\t<\/div>\n\t\t<\/div>\n\t\t\t\t<div class=\"elementor-column elementor-col-33 elementor-top-column elementor-element elementor-element-7ff471f\" data-id=\"7ff471f\" data-element_type=\"column\" data-e-type=\"column\">\n\t\t\t<div class=\"elementor-widget-wrap elementor-element-populated\">\n\t\t\t\t\t\t<div class=\"elementor-element elementor-element-701d0a8 elementor-widget elementor-widget-image\" data-id=\"701d0a8\" data-element_type=\"widget\" data-e-type=\"widget\" data-widget_type=\"image.default\">\n\t\t\t\t<div class=\"elementor-widget-container\">\n\t\t\t\t\t\t\t\t\t\t\t\t\t\t\t\t<a href=\"https:\/\/bienestar-or.org\/wp-content\/uploads\/2021\/11\/Nueva-Esperanza-image.jpg\" data-elementor-open-lightbox=\"yes\" data-elementor-lightbox-title=\"Edificio de Nueva Esperanza\" data-e-action-hash=\"#elementor-action%3Aaction%3Dlightbox%26settings%3DeyJpZCI6NzE0MywidXJsIjoiaHR0cHM6XC9cL2JpZW5lc3Rhci1vci5vcmdcL3dwLWNvbnRlbnRcL3VwbG9hZHNcLzIwMjFcLzExXC9OdWV2YS1Fc3BlcmFuemEtaW1hZ2UuanBnIn0%3D\">\n\t\t\t\t\t\t\t<img loading=\"lazy\" decoding=\"async\" loading=\"lazy\" width=\"768\" height=\"432\" src=\"https:\/\/bienestar-or.org\/wp-content\/uploads\/2021\/11\/Nueva-Esperanza-image-768x432.jpg\" class=\"attachment-medium_large size-medium_large wp-image-7143\" alt=\"\" srcset=\"https:\/\/bienestar-or.org\/wp-content\/uploads\/2021\/11\/Nueva-Esperanza-image-768x432.jpg 768w, https:\/\/bienestar-or.org\/wp-content\/uploads\/2021\/11\/Nueva-Esperanza-image-300x169.jpg 300w, https:\/\/bienestar-or.org\/wp-content\/uploads\/2021\/11\/Nueva-Esperanza-image-700x394.jpg 700w, https:\/\/bienestar-or.org\/wp-content\/uploads\/2021\/11\/Nueva-Esperanza-image-539x303.jpg 539w, https:\/\/bienestar-or.org\/wp-content\/uploads\/2021\/11\/Nueva-Esperanza-image.jpg 922w\" sizes=\"auto, (max-width: 768px) 100vw, 768px\" \/>\t\t\t\t\t\t\t\t<\/a>\n\t\t\t\t\t\t\t\t\t\t\t\t\t\t\t<\/div>\n\t\t\t\t<\/div>\n\t\t\t\t\t<\/div>\n\t\t<\/div>\n\t\t\t\t\t<\/div>\n\t\t<\/section>\n\t\t\t\t<section class=\"elementor-section elementor-top-section elementor-element elementor-element-8866376 elementor-section-boxed elementor-section-height-default elementor-section-height-default parallax_section_no qode_elementor_container_no\" data-id=\"8866376\" data-element_type=\"section\" data-e-type=\"section\">\n\t\t\t\t\t\t<div class=\"elementor-container elementor-column-gap-default\">\n\t\t\t\t\t<div class=\"elementor-column elementor-col-50 elementor-top-column elementor-element elementor-element-23951b6\" data-id=\"23951b6\" data-element_type=\"column\" data-e-type=\"column\">\n\t\t\t<div class=\"elementor-widget-wrap elementor-element-populated\">\n\t\t\t\t\t\t<div class=\"elementor-element elementor-element-43ea1c9 elementor-widget elementor-widget-text-editor\" data-id=\"43ea1c9\" data-element_type=\"widget\" data-e-type=\"widget\" data-widget_type=\"text-editor.default\">\n\t\t\t\t<div class=\"elementor-widget-container\">\n\t\t\t\t\t\t\t\t\t<h4><strong>Ubicaci\u00f3n:<\/strong><\/h4>\t\t\t\t\t\t\t\t<\/div>\n\t\t\t\t<\/div>\n\t\t\t\t<div class=\"elementor-element elementor-element-6fa4d2a elementor-widget elementor-widget-text-editor\" data-id=\"6fa4d2a\" data-element_type=\"widget\" data-e-type=\"widget\" data-widget_type=\"text-editor.default\">\n\t\t\t\t<div class=\"elementor-widget-container\">\n\t\t\t\t\t\t\t\t\t<p>Oficina: Main Street Business Center 315 E. Main St. Hillsboro, OR Room 210<\/p><p>\u00a0<\/p><p>\u00a0Tel\u00e9fono: 971.268.7510<\/p><p>\u00a0<\/p><p>Correo electr\u00f3nico: Nueva@nwrecc.org<\/p><p>\u00a0<\/p><p>Horario de oficina: Lunes a viernes 8am \u2013 4:30pm<\/p><p>\u00a0<\/p><p>Ubicaci\u00f3n de la propiedad: 5397 NE Hidden Creek Dr, Hillsboro, OR 97124<\/p>\t\t\t\t\t\t\t\t<\/div>\n\t\t\t\t<\/div>\n\t\t\t\t\t<\/div>\n\t\t<\/div>\n\t\t\t\t<div class=\"elementor-column elementor-col-50 elementor-top-column elementor-element elementor-element-075d410\" data-id=\"075d410\" data-element_type=\"column\" data-e-type=\"column\">\n\t\t\t<div class=\"elementor-widget-wrap elementor-element-populated\">\n\t\t\t\t\t\t<div class=\"elementor-element elementor-element-dfa0a33 elementor-widget elementor-widget-text-editor\" data-id=\"dfa0a33\" data-element_type=\"widget\" data-e-type=\"widget\" data-widget_type=\"text-editor.default\">\n\t\t\t\t<div class=\"elementor-widget-container\">\n\t\t\t\t\t\t\t\t\t<h4><strong>Amenidades:<\/strong><\/h4>\t\t\t\t\t\t\t\t<\/div>\n\t\t\t\t<\/div>\n\t\t\t\t<div class=\"elementor-element elementor-element-b917b93 elementor-widget elementor-widget-text-editor\" data-id=\"b917b93\" data-element_type=\"widget\" data-e-type=\"widget\" data-widget_type=\"text-editor.default\">\n\t\t\t\t<div class=\"elementor-widget-container\">\n\t\t\t\t\t\t\t\t\t<ul><li>Sal\u00f3n Comunitario con Cocineta<\/li><li>Servicio a Residentes<\/li><li>Lavander\u00eda en el Sitio<\/li><li>Campo de Juego<\/li><li>Juegos Infantiles<\/li><li>\u00c1rea Natural<\/li><li>Camas de Jard\u00edn<\/li><li>Parque de Perros<\/li><li>Estacionamiento de Bicicletas<\/li><li>Paseo (Calzada Comunitaria Arbolada)<\/li><li>Tres Plazas<\/li><\/ul>\t\t\t\t\t\t\t\t<\/div>\n\t\t\t\t<\/div>\n\t\t\t\t\t<\/div>\n\t\t<\/div>\n\t\t\t\t\t<\/div>\n\t\t<\/section>\n\t\t\t\t<section class=\"elementor-section elementor-top-section elementor-element elementor-element-5e754ad elementor-section-boxed elementor-section-height-default elementor-section-height-default parallax_section_no qode_elementor_container_no\" data-id=\"5e754ad\" data-element_type=\"section\" data-e-type=\"section\">\n\t\t\t\t\t\t<div class=\"elementor-container elementor-column-gap-default\">\n\t\t\t\t\t<div class=\"elementor-column elementor-col-33 elementor-top-column elementor-element elementor-element-ad6242f\" data-id=\"ad6242f\" data-element_type=\"column\" data-e-type=\"column\">\n\t\t\t<div class=\"elementor-widget-wrap\">\n\t\t\t\t\t\t\t<\/div>\n\t\t<\/div>\n\t\t\t\t<div class=\"elementor-column elementor-col-33 elementor-top-column elementor-element elementor-element-469e556\" data-id=\"469e556\" data-element_type=\"column\" data-e-type=\"column\">\n\t\t\t<div class=\"elementor-widget-wrap elementor-element-populated\">\n\t\t\t\t\t\t<section class=\"elementor-section elementor-inner-section elementor-element elementor-element-50f3412 elementor-section-boxed elementor-section-height-default elementor-section-height-default parallax_section_no qode_elementor_container_no\" data-id=\"50f3412\" data-element_type=\"section\" data-e-type=\"section\">\n\t\t\t\t\t\t<div class=\"elementor-container elementor-column-gap-default\">\n\t\t\t\t\t<div class=\"elementor-column elementor-col-50 elementor-inner-column elementor-element elementor-element-20dc6d6\" data-id=\"20dc6d6\" data-element_type=\"column\" data-e-type=\"column\">\n\t\t\t<div class=\"elementor-widget-wrap elementor-element-populated\">\n\t\t\t\t\t\t<div class=\"elementor-element elementor-element-feda5c6 elementor-widget elementor-widget-image\" data-id=\"feda5c6\" data-element_type=\"widget\" data-e-type=\"widget\" data-widget_type=\"image.default\">\n\t\t\t\t<div class=\"elementor-widget-container\">\n\t\t\t\t\t\t\t\t\t\t\t\t\t\t\t<img decoding=\"async\" src=\"https:\/\/bienestar-or.org\/wp-content\/uploads\/elementor\/thumbs\/equal-housing-opportunity-logo-1200w-pcmuj9xk8iz4en69h7x3k5c6vsmxsznp9579f2ko4u.jpg\" title=\"equal-housing-opportunity-logo-1200w\" alt=\"equal-housing-opportunity-logo-1200w\" loading=\"lazy\" \/>\t\t\t\t\t\t\t\t\t\t\t\t\t\t\t<\/div>\n\t\t\t\t<\/div>\n\t\t\t\t\t<\/div>\n\t\t<\/div>\n\t\t\t\t<div class=\"elementor-column elementor-col-50 elementor-inner-column elementor-element elementor-element-ee3cf53\" data-id=\"ee3cf53\" data-element_type=\"column\" data-e-type=\"column\">\n\t\t\t<div class=\"elementor-widget-wrap elementor-element-populated\">\n\t\t\t\t\t\t<div class=\"elementor-element elementor-element-57fec94 elementor-widget elementor-widget-text-editor\" data-id=\"57fec94\" data-element_type=\"widget\" data-e-type=\"widget\" data-widget_type=\"text-editor.default\">\n\t\t\t\t<div class=\"elementor-widget-container\">\n\t\t\t\t\t\t\t\t\tEstamos comprometidos con la letra y el esp\u00edritu de la pol\u00edtica estadounidense para la consecuci\u00f3n de la igualdad de oportunidades en materia de vivienda en toda la naci\u00f3n. Fomentamos y apoyamos un programa de publicidad y marketing afirmativo en el que no existan barreras para obtener una vivienda por motivos de raza, color, religi\u00f3n, sexo, discapacidad, situaci\u00f3n familiar o nacionalidad.\t\t\t\t\t\t\t\t<\/div>\n\t\t\t\t<\/div>\n\t\t\t\t\t<\/div>\n\t\t<\/div>\n\t\t\t\t\t<\/div>\n\t\t<\/section>\n\t\t\t\t\t<\/div>\n\t\t<\/div>\n\t\t\t\t<div class=\"elementor-column elementor-col-33 elementor-top-column elementor-element elementor-element-c2c2fd7\" data-id=\"c2c2fd7\" data-element_type=\"column\" data-e-type=\"column\">\n\t\t\t<div class=\"elementor-widget-wrap\">\n\t\t\t\t\t\t\t<\/div>\n\t\t<\/div>\n\t\t\t\t\t<\/div>\n\t\t<\/section>\n\t\t\t\t<\/div>\n\t\t","protected":false},"excerpt":{"rendered":"<p>Nueva Esperanza En colaboraci\u00f3n con el Centro de Desarrollo de Vivienda (HDC), el conjunto de vivienda econ\u00f3mica de 150 unidades, Nueva Esperanza, en Hillsboro, ya ha sido completado. El complejo cuenta con \u00e1reas verdes, una sala com\u00fan, y un dise\u00f1o de construcci\u00f3n influenciado por los&#8230;<\/p>\n","protected":false},"author":1,"featured_media":0,"parent":6334,"menu_order":0,"comment_status":"closed","ping_status":"closed","template":"full_width.php","meta":{"nf_dc_page":"","om_disable_all_campaigns":false,"footnotes":""},"class_list":["post-11087","page","type-page","status-publish","hentry"],"_links":{"self":[{"href":"https:\/\/bienestar-or.org\/es\/wp-json\/wp\/v2\/pages\/11087","targetHints":{"allow":["GET"]}}],"collection":[{"href":"https:\/\/bienestar-or.org\/es\/wp-json\/wp\/v2\/pages"}],"about":[{"href":"https:\/\/bienestar-or.org\/es\/wp-json\/wp\/v2\/types\/page"}],"author":[{"embeddable":true,"href":"https:\/\/bienestar-or.org\/es\/wp-json\/wp\/v2\/users\/1"}],"replies":[{"embeddable":true,"href":"https:\/\/bienestar-or.org\/es\/wp-json\/wp\/v2\/comments?post=11087"}],"version-history":[{"count":5,"href":"https:\/\/bienestar-or.org\/es\/wp-json\/wp\/v2\/pages\/11087\/revisions"}],"predecessor-version":[{"id":18348,"href":"https:\/\/bienestar-or.org\/es\/wp-json\/wp\/v2\/pages\/11087\/revisions\/18348"}],"up":[{"embeddable":true,"href":"https:\/\/bienestar-or.org\/es\/wp-json\/wp\/v2\/pages\/6334"}],"wp:attachment":[{"href":"https:\/\/bienestar-or.org\/es\/wp-json\/wp\/v2\/media?parent=11087"}],"curies":[{"name":"wp","href":"https:\/\/api.w.org\/{rel}","templated":true}]}}