{"id":11080,"date":"2022-09-08T22:02:37","date_gmt":"2022-09-08T22:02:37","guid":{"rendered":"https:\/\/bienestar-or.org\/servicios-de-apoyo-a-la-vivienda\/"},"modified":"2025-03-10T20:24:04","modified_gmt":"2025-03-10T20:24:04","slug":"servicios-de-apoyo-a-la-vivienda","status":"publish","type":"page","link":"https:\/\/bienestar-or.org\/es\/servicios-de-apoyo-a-la-vivienda\/","title":{"rendered":"Servicios de Apoyo de Vivienda"},"content":{"rendered":"\t\t<div data-elementor-type=\"wp-page\" data-elementor-id=\"11080\" class=\"elementor elementor-11080 elementor-7199\">\n\t\t\t\t\t\t<section class=\"elementor-section elementor-top-section elementor-element elementor-element-9a6c028 elementor-section-full_width elementor-section-height-min-height parallax_section_holder elementor-section-height-default elementor-section-items-middle qode_elementor_container_no\" data-id=\"9a6c028\" data-element_type=\"section\" data-e-type=\"section\" data-settings=\"{&quot;background_background&quot;:&quot;classic&quot;,&quot;qode_parallax_image&quot;:{&quot;url&quot;:&quot;&quot;,&quot;id&quot;:&quot;&quot;,&quot;size&quot;:&quot;&quot;}}\">\n\t\t\t\t\t\t\t<div class=\"elementor-background-overlay\"><\/div>\n\t\t\t\t\t\t\t<div class=\"elementor-container elementor-column-gap-default\">\n\t\t\t\t\t<div class=\"elementor-column elementor-col-100 elementor-top-column elementor-element elementor-element-bb4c0a2\" data-id=\"bb4c0a2\" data-element_type=\"column\" data-e-type=\"column\">\n\t\t\t<div class=\"elementor-widget-wrap elementor-element-populated\">\n\t\t\t\t\t\t<div class=\"elementor-element elementor-element-5b10084 elementor-widget elementor-widget-text-editor\" data-id=\"5b10084\" data-element_type=\"widget\" data-e-type=\"widget\" data-widget_type=\"text-editor.default\">\n\t\t\t\t<div class=\"elementor-widget-container\">\n\t\t\t\t\t\t\t\t\tServicios de Apoyo de Vivienda\t\t\t\t\t\t\t\t<\/div>\n\t\t\t\t<\/div>\n\t\t\t\t\t<\/div>\n\t\t<\/div>\n\t\t\t\t\t<\/div>\n\t\t<\/section>\n\t\t\t\t<section class=\"elementor-section elementor-top-section elementor-element elementor-element-38ec9c5 qode_elementor_container_inner elementor-section-boxed elementor-section-height-default elementor-section-height-default parallax_section_no\" data-id=\"38ec9c5\" data-element_type=\"section\" data-e-type=\"section\">\n\t\t\t\t\t\t<div class=\"elementor-container elementor-column-gap-default\">\n\t\t\t\t\t<div class=\"elementor-column elementor-col-100 elementor-top-column elementor-element elementor-element-49136a9\" data-id=\"49136a9\" data-element_type=\"column\" data-e-type=\"column\">\n\t\t\t<div class=\"elementor-widget-wrap elementor-element-populated\">\n\t\t\t\t\t\t<div class=\"elementor-element elementor-element-7fa7102 elementor-widget elementor-widget-text-editor\" data-id=\"7fa7102\" data-element_type=\"widget\" data-e-type=\"widget\" data-widget_type=\"text-editor.default\">\n\t\t\t\t<div class=\"elementor-widget-container\">\n\t\t\t\t\t\t\t\t\t<p><strong>Acerca del Equipo de Servicios de Vivienda de Apoyo (SHS) de Bienestar:<\/strong><\/p><p>\u00a0<\/p><p>El equipo de Servicios de Vivienda de Apoyo de Bienestar trabaja diligentemente en la prevenci\u00f3n, intervenci\u00f3n, restauraci\u00f3n y estabilizaci\u00f3n para los miembros de nuestra comunidad que no tienen hogar, est\u00e1n en riesgo de quedarse sin hogar o enfrentan cualquier inestabilidad en la vivienda.<\/p><p>Proporcionamos acceso a servicios integrales de apoyo, vivienda, empleo y servicios de educaci\u00f3n para poblaciones marginadas y desatendidas a trav\u00e9s de un enfoque integral basado en la comunidad. Con una lente informada sobre el trauma, atendemos a los participantes brind\u00e1ndoles una atenci\u00f3n segura, eficaz, equitativa y centrada en el cliente.<\/p>\t\t\t\t\t\t\t\t<\/div>\n\t\t\t\t<\/div>\n\t\t\t\t\t<\/div>\n\t\t<\/div>\n\t\t\t\t\t<\/div>\n\t\t<\/section>\n\t\t\t\t<section class=\"elementor-section elementor-top-section elementor-element elementor-element-035cc25 qode_elementor_container_inner elementor-section-boxed elementor-section-height-default elementor-section-height-default parallax_section_no\" data-id=\"035cc25\" data-element_type=\"section\" data-e-type=\"section\">\n\t\t\t\t\t\t<div class=\"elementor-container elementor-column-gap-default\">\n\t\t\t\t\t<div class=\"elementor-column elementor-col-100 elementor-top-column elementor-element elementor-element-00f3978\" data-id=\"00f3978\" data-element_type=\"column\" data-e-type=\"column\">\n\t\t\t<div class=\"elementor-widget-wrap elementor-element-populated\">\n\t\t\t\t\t\t<div class=\"elementor-element elementor-element-e2aefe7 amy-ul elementor-widget elementor-widget-bridge_unordered_list\" data-id=\"e2aefe7\" data-element_type=\"widget\" data-e-type=\"widget\" data-widget_type=\"bridge_unordered_list.default\">\n\t\t\t\t<div class=\"elementor-widget-container\">\n\t\t\t\t\t<div class='q_list circle'><h3><strong>RECURSOS<\/strong><\/h3><p>\u00a0<\/p><p>Si usted o alguien que conoce est\u00e1 experimentando inseguridad en la vivienda, comun\u00edquese con Community Connect al 503-640-3263 o env\u00ede un correo electr\u00f3nico a <span style=\"text-decoration: underline;\"><a href=\"mailto:communityconnect-caowash.org\">communityconnect-caowash.org <\/a><\/span>para una referencia a un refugio o programa de vivienda.<\/p><p>\u00a0<\/p><h4>Servicios comunitarios:<\/h4><ul><li><span style=\"text-decoration: underline;\"><strong><a href=\"https:\/\/www.211info.org\/\">Informaci\u00f3n 211<\/a><\/strong><\/span><\/li><li><span style=\"text-decoration: underline;\"><strong><a href=\"https:\/\/www.oregon.gov\/odhs\/benefits\/pages\/default.aspx?utm_source=ODHS&amp;utm_medium=egov_redirect&amp;utm_campaign=https%3A%2F%2Fwww.oregon.gov%2Fdhs%2Fassistance%2F\">Departamento de Servicios Humanos de Oreg\u00f3n (DHS)<\/a><\/strong><\/span><\/li><li><span style=\"text-decoration: underline;\"><strong><a href=\"https:\/\/www.washingtoncountyor.gov\/housing\/meet-our-partner\"> Socios comunitarios del condado de Washington<\/a><\/strong><\/span><\/li><\/ul><h4>\u00a0<\/h4><h4>Servicios legales:<\/h4><ul><li>\u00bfEnfrenta un desalojo? Llame al Proyecto de Defensa de Desalojo del Centro Jur\u00eddico de Oreg\u00f3n en (888) 585-9638 entre las 9 AM y la 1 PM, o env\u00ede un correo electr\u00f3nico a <span style=\"text-decoration: underline;\"><a href=\"http:\/\/evictiondefense-oregonlawcenter.org\">evictiondefense-oregonlawcenter.org<\/a><\/span><\/li><\/ul><p>\u00a0<\/p><ul><li><span style=\"text-decoration: underline;\"><strong><a href=\"https:\/\/www.oregonrentersrights.org\/\">Informaci\u00f3n sobre los derechos del arrendatario<\/a><\/strong><\/span><\/li><\/ul><\/div>\t\t\t\t<\/div>\n\t\t\t\t<\/div>\n\t\t\t\t\t<\/div>\n\t\t<\/div>\n\t\t\t\t\t<\/div>\n\t\t<\/section>\n\t\t\t\t<section class=\"elementor-section elementor-top-section elementor-element elementor-element-f8dd792 elementor-section-boxed elementor-section-height-default elementor-section-height-default parallax_section_no qode_elementor_container_no\" data-id=\"f8dd792\" data-element_type=\"section\" data-e-type=\"section\">\n\t\t\t\t\t\t<div class=\"elementor-container elementor-column-gap-default\">\n\t\t\t\t\t<div class=\"elementor-column elementor-col-100 elementor-top-column elementor-element elementor-element-5a75bf8\" data-id=\"5a75bf8\" data-element_type=\"column\" data-e-type=\"column\">\n\t\t\t<div class=\"elementor-widget-wrap elementor-element-populated\">\n\t\t\t\t\t\t<div class=\"elementor-element elementor-element-0ddd4db elementor-widget elementor-widget-text-editor\" data-id=\"0ddd4db\" data-element_type=\"widget\" data-e-type=\"widget\" data-widget_type=\"text-editor.default\">\n\t\t\t\t<div class=\"elementor-widget-container\">\n\t\t\t\t\t\t\t\t\t<p><strong>Bienestar est\u00e1 obligado por ley a mantener la privacidad de la informaci\u00f3n personal protegida de nuestros participantes. Para obtener m\u00e1s informaci\u00f3n sobre nuestras pr\u00e1cticas de privacidad:<\/strong><\/p>\t\t\t\t\t\t\t\t<\/div>\n\t\t\t\t<\/div>\n\t\t\t\t\t<\/div>\n\t\t<\/div>\n\t\t\t\t\t<\/div>\n\t\t<\/section>\n\t\t\t\t<section class=\"elementor-section elementor-top-section elementor-element elementor-element-845a0a0 elementor-section-boxed elementor-section-height-default elementor-section-height-default parallax_section_no qode_elementor_container_no\" data-id=\"845a0a0\" data-element_type=\"section\" data-e-type=\"section\">\n\t\t\t\t\t\t<div class=\"elementor-container elementor-column-gap-default\">\n\t\t\t\t\t<div class=\"elementor-column elementor-col-100 elementor-top-column elementor-element elementor-element-673acbd\" data-id=\"673acbd\" data-element_type=\"column\" data-e-type=\"column\">\n\t\t\t<div class=\"elementor-widget-wrap elementor-element-populated\">\n\t\t\t\t\t\t<div class=\"elementor-element elementor-element-1d56ec4 elementor-align-center elementor-widget elementor-widget-button\" data-id=\"1d56ec4\" data-element_type=\"widget\" data-e-type=\"widget\" data-widget_type=\"button.default\">\n\t\t\t\t<div class=\"elementor-widget-container\">\n\t\t\t\t\t\t\t\t\t<div class=\"elementor-button-wrapper\">\n\t\t\t\t\t<a class=\"elementor-button elementor-button-link elementor-size-sm\" href=\"https:\/\/bienestar-or.org\/wp-content\/uploads\/2024\/01\/HMIS-Privacy-Security-Notice.pdf\">\n\t\t\t\t\t\t<span class=\"elementor-button-content-wrapper\">\n\t\t\t\t\t\t\t\t\t<span class=\"elementor-button-text\">Aviso de Privacidad y Seguridad<\/span>\n\t\t\t\t\t<\/span>\n\t\t\t\t\t<\/a>\n\t\t\t\t<\/div>\n\t\t\t\t\t\t\t\t<\/div>\n\t\t\t\t<\/div>\n\t\t\t\t\t<\/div>\n\t\t<\/div>\n\t\t\t\t\t<\/div>\n\t\t<\/section>\n\t\t\t\t<\/div>\n\t\t","protected":false},"excerpt":{"rendered":"<p>Servicios de Apoyo de Vivienda Acerca del Equipo de Servicios de Vivienda de Apoyo (SHS) de Bienestar: \u00a0 El equipo de Servicios de Vivienda de Apoyo de Bienestar trabaja diligentemente en la prevenci\u00f3n, intervenci\u00f3n, restauraci\u00f3n y estabilizaci\u00f3n para los miembros de nuestra comunidad que no&#8230;<\/p>\n","protected":false},"author":7,"featured_media":7195,"parent":0,"menu_order":0,"comment_status":"closed","ping_status":"closed","template":"full_width.php","meta":{"nf_dc_page":"","om_disable_all_campaigns":false,"footnotes":""},"class_list":["post-11080","page","type-page","status-publish","has-post-thumbnail","hentry"],"_links":{"self":[{"href":"https:\/\/bienestar-or.org\/es\/wp-json\/wp\/v2\/pages\/11080","targetHints":{"allow":["GET"]}}],"collection":[{"href":"https:\/\/bienestar-or.org\/es\/wp-json\/wp\/v2\/pages"}],"about":[{"href":"https:\/\/bienestar-or.org\/es\/wp-json\/wp\/v2\/types\/page"}],"author":[{"embeddable":true,"href":"https:\/\/bienestar-or.org\/es\/wp-json\/wp\/v2\/users\/7"}],"replies":[{"embeddable":true,"href":"https:\/\/bienestar-or.org\/es\/wp-json\/wp\/v2\/comments?post=11080"}],"version-history":[{"count":5,"href":"https:\/\/bienestar-or.org\/es\/wp-json\/wp\/v2\/pages\/11080\/revisions"}],"predecessor-version":[{"id":20183,"href":"https:\/\/bienestar-or.org\/es\/wp-json\/wp\/v2\/pages\/11080\/revisions\/20183"}],"wp:featuredmedia":[{"embeddable":true,"href":"https:\/\/bienestar-or.org\/es\/wp-json\/wp\/v2\/media\/7195"}],"wp:attachment":[{"href":"https:\/\/bienestar-or.org\/es\/wp-json\/wp\/v2\/media?parent=11080"}],"curies":[{"name":"wp","href":"https:\/\/api.w.org\/{rel}","templated":true}]}}